{"id":604,"date":"2026-03-16T14:34:28","date_gmt":"2026-03-16T14:34:28","guid":{"rendered":"https:\/\/tiaparke.com\/?post_type=product&#038;p=604"},"modified":"2026-03-16T14:34:28","modified_gmt":"2026-03-16T14:34:28","slug":"walnut-american-natural-2-lamine-parke","status":"publish","type":"product","link":"https:\/\/tiaparke.com\/index.php\/urun\/walnut-american-natural-2-lamine-parke\/","title":{"rendered":"Walnut American Natural 2 Lamine Parke"},"content":{"rendered":"","protected":false},"excerpt":{"rendered":"<p data-start=\"471\" data-end=\"853\">Walnut American Natural 2 lamine parke, Amerikan ceviz a\u011fac\u0131n\u0131n do\u011fal ve zengin tonlar\u0131n\u0131 ya\u015fam alanlar\u0131na ta\u015f\u0131yan estetik bir zemin kaplama modelidir. Do\u011fal ah\u015fap damar yap\u0131s\u0131 ve koyu ceviz tonlar\u0131 sayesinde mekana s\u0131cak, zarif ve prestijli bir atmosfer kazand\u0131r\u0131r. Modern i\u00e7 mimari tasar\u0131mlarda s\u0131kl\u0131kla tercih edilen bu parke modeli, dekorasyonun g\u00fc\u00e7l\u00fc bir tamamlay\u0131c\u0131 unsurudur.<\/p>\n<p data-start=\"855\" data-end=\"1218\">Amerikan ceviz a\u011fac\u0131n\u0131n karakteristik damar yap\u0131s\u0131 sayesinde Walnut American Natural 2 lamine parke zeminde do\u011fal ve canl\u0131 bir g\u00f6r\u00fcn\u00fcm olu\u015fturur. Koyu tonlar\u0131, \u00f6zellikle a\u00e7\u0131k renk duvarlar ve mobilyalar ile kullan\u0131ld\u0131\u011f\u0131nda mekanda dengeli ve modern bir kontrast yarat\u0131r. Bu \u00f6zellikleri sayesinde hem klasik hem de modern dekorasyon stilleri ile uyum sa\u011flayabilir.<\/p>\n<p data-start=\"1220\" data-end=\"1526\">Salon, oturma odas\u0131, villa projeleri, rezidanslar, ofisler ve showroom alanlar\u0131nda rahatl\u0131kla kullan\u0131labilen Walnut American Natural 2 lamine parke, geni\u015f alanlarda olduk\u00e7a \u015f\u0131k bir zemin g\u00f6r\u00fcn\u00fcm\u00fc olu\u015fturur. Do\u011fal ah\u015fap dokusu mekana s\u0131cakl\u0131k katarken ayn\u0131 zamanda mekan\u0131n daha sofistike g\u00f6r\u00fcnmesini sa\u011flar.<\/p>\n<p data-start=\"1528\" data-end=\"1812\">Dayan\u0131kl\u0131 yap\u0131s\u0131 sayesinde uzun y\u0131llar boyunca estetik g\u00f6r\u00fcn\u00fcm\u00fcn\u00fc koruyabilen bu parke modeli g\u00fcnl\u00fck kullan\u0131ma kar\u015f\u0131 y\u00fcksek diren\u00e7 g\u00f6sterir. Hem dekoratif hem de fonksiyonel yap\u0131s\u0131 ile Walnut American Natural 2 lamine parke, ya\u015fam alanlar\u0131nda do\u011fal ve kaliteli bir zemin \u00e7\u00f6z\u00fcm\u00fc sunar.<\/p>\n","protected":false},"featured_media":605,"template":"","meta":[],"product_brand":[20],"product_cat":[25],"product_tag":[],"class_list":{"0":"post-604","1":"product","2":"type-product","3":"status-publish","4":"has-post-thumbnail","6":"product_brand-bellafloor","7":"product_cat-lamine-parkeler","9":"first","10":"instock","11":"shipping-taxable","12":"product-type-simple"},"_links":{"self":[{"href":"https:\/\/tiaparke.com\/index.php\/wp-json\/wp\/v2\/product\/604","targetHints":{"allow":["GET"]}}],"collection":[{"href":"https:\/\/tiaparke.com\/index.php\/wp-json\/wp\/v2\/product"}],"about":[{"href":"https:\/\/tiaparke.com\/index.php\/wp-json\/wp\/v2\/types\/product"}],"wp:featuredmedia":[{"embeddable":true,"href":"https:\/\/tiaparke.com\/index.php\/wp-json\/wp\/v2\/media\/605"}],"wp:attachment":[{"href":"https:\/\/tiaparke.com\/index.php\/wp-json\/wp\/v2\/media?parent=604"}],"wp:term":[{"taxonomy":"product_brand","embeddable":true,"href":"https:\/\/tiaparke.com\/index.php\/wp-json\/wp\/v2\/product_brand?post=604"},{"taxonomy":"product_cat","embeddable":true,"href":"https:\/\/tiaparke.com\/index.php\/wp-json\/wp\/v2\/product_cat?post=604"},{"taxonomy":"product_tag","embeddable":true,"href":"https:\/\/tiaparke.com\/index.php\/wp-json\/wp\/v2\/product_tag?post=604"}],"curies":[{"name":"wp","href":"https:\/\/api.w.org\/{rel}","templated":true}]}}