{"id":596,"date":"2026-03-16T13:39:56","date_gmt":"2026-03-16T13:39:56","guid":{"rendered":"https:\/\/tiaparke.com\/?post_type=product&#038;p=596"},"modified":"2026-03-16T13:39:56","modified_gmt":"2026-03-16T13:39:56","slug":"galata-10-cm-soft-touch-siyah-supurgelik","status":"publish","type":"product","link":"https:\/\/tiaparke.com\/index.php\/urun\/galata-10-cm-soft-touch-siyah-supurgelik\/","title":{"rendered":"Galata 10 cm Soft Touch Siyah S\u00fcp\u00fcrgelik \/ 14 mm"},"content":{"rendered":"","protected":false},"excerpt":{"rendered":"<p data-start=\"479\" data-end=\"869\">Galata 10 cm soft touch siyah s\u00fcp\u00fcrgelik, modern i\u00e7 mekan dekorasyonlar\u0131nda zemin ile duvar birle\u015fim noktalar\u0131n\u0131 estetik bir \u015fekilde tamamlayan \u015f\u0131k bir dekoratif \u00fcr\u00fcnd\u00fcr. Soft touch y\u00fczey kaplamas\u0131 sayesinde p\u00fcr\u00fczs\u00fcz ve kadifemsi bir doku sunarak mekana modern ve prestijli bir g\u00f6r\u00fcn\u00fcm kazand\u0131r\u0131r. Siyah rengi ile \u00f6zellikle modern ve minimal tasar\u0131mlarda g\u00fc\u00e7l\u00fc bir dekoratif etki olu\u015fturur.<\/p>\n<p data-start=\"871\" data-end=\"1169\">10 cm y\u00fcksekli\u011fe sahip olan Galata soft touch siyah s\u00fcp\u00fcrgelik, duvarlar\u0131n alt k\u0131sm\u0131n\u0131 darbelere ve g\u00fcnl\u00fck kullan\u0131m kaynakl\u0131 \u00e7izilmelere kar\u015f\u0131 korurken ayn\u0131 zamanda mekana estetik bir \u00e7er\u00e7eve kazand\u0131r\u0131r. Modern \u00e7izgileri sayesinde hem klasik hem de \u00e7a\u011fda\u015f dekorasyon stilleri ile uyum sa\u011flayabilir.<\/p>\n<p data-start=\"1171\" data-end=\"1496\">Soft touch y\u00fczeyi sayesinde \u0131\u015f\u0131\u011f\u0131 yumu\u015fak \u015fekilde yans\u0131t\u0131r ve mat bir g\u00f6r\u00fcn\u00fcm sunar. Bu \u00f6zellik, s\u00fcp\u00fcrgeli\u011fin mekanda daha sofistike ve kaliteli bir g\u00f6r\u00fcn\u00fcm olu\u015fturmas\u0131na yard\u0131mc\u0131 olur. \u00d6zellikle a\u00e7\u0131k renk parkeler ile kullan\u0131ld\u0131\u011f\u0131nda mekanda g\u00fc\u00e7l\u00fc bir kontrast olu\u015fturarak dekorasyonun daha dikkat \u00e7ekici g\u00f6r\u00fcnmesini sa\u011flar.<\/p>\n<p data-start=\"1498\" data-end=\"1872\">Galata 10 cm soft touch siyah s\u00fcp\u00fcrgelik, salon, oturma odas\u0131, ofis, ma\u011faza ve ticari alanlarda rahatl\u0131kla kullan\u0131labilir. Kolay montaj \u00f6zelli\u011fi sayesinde silikon, vida veya montaj yap\u0131\u015ft\u0131r\u0131c\u0131s\u0131 ile duvara sabitlenebilir. Dayan\u0131kl\u0131 yap\u0131s\u0131 sayesinde uzun y\u0131llar boyunca estetik g\u00f6r\u00fcn\u00fcm\u00fcn\u00fc koruyan bu model, modern i\u00e7 mekan dekorasyonlar\u0131n\u0131n tamamlay\u0131c\u0131 unsurlar\u0131ndan biridir.<\/p>\n","protected":false},"featured_media":597,"template":"","meta":[],"product_brand":[20],"product_cat":[27],"product_tag":[],"class_list":{"0":"post-596","1":"product","2":"type-product","3":"status-publish","4":"has-post-thumbnail","6":"product_brand-bellafloor","7":"product_cat-supurgelik","9":"first","10":"instock","11":"shipping-taxable","12":"product-type-simple"},"_links":{"self":[{"href":"https:\/\/tiaparke.com\/index.php\/wp-json\/wp\/v2\/product\/596","targetHints":{"allow":["GET"]}}],"collection":[{"href":"https:\/\/tiaparke.com\/index.php\/wp-json\/wp\/v2\/product"}],"about":[{"href":"https:\/\/tiaparke.com\/index.php\/wp-json\/wp\/v2\/types\/product"}],"wp:featuredmedia":[{"embeddable":true,"href":"https:\/\/tiaparke.com\/index.php\/wp-json\/wp\/v2\/media\/597"}],"wp:attachment":[{"href":"https:\/\/tiaparke.com\/index.php\/wp-json\/wp\/v2\/media?parent=596"}],"wp:term":[{"taxonomy":"product_brand","embeddable":true,"href":"https:\/\/tiaparke.com\/index.php\/wp-json\/wp\/v2\/product_brand?post=596"},{"taxonomy":"product_cat","embeddable":true,"href":"https:\/\/tiaparke.com\/index.php\/wp-json\/wp\/v2\/product_cat?post=596"},{"taxonomy":"product_tag","embeddable":true,"href":"https:\/\/tiaparke.com\/index.php\/wp-json\/wp\/v2\/product_tag?post=596"}],"curies":[{"name":"wp","href":"https:\/\/api.w.org\/{rel}","templated":true}]}}