{"id":587,"date":"2026-03-16T13:02:47","date_gmt":"2026-03-16T13:02:47","guid":{"rendered":"https:\/\/tiaparke.com\/?post_type=product&#038;p=587"},"modified":"2026-03-16T13:02:47","modified_gmt":"2026-03-16T13:02:47","slug":"salus-ozel-tasarim-lamine-parke","status":"publish","type":"product","link":"https:\/\/tiaparke.com\/index.php\/urun\/salus-ozel-tasarim-lamine-parke\/","title":{"rendered":"Salus \u00d6zel Tasar\u0131m Lamine Parke"},"content":{"rendered":"","protected":false},"excerpt":{"rendered":"<p data-start=\"450\" data-end=\"858\">Salus \u00f6zel tasar\u0131m lamine parke, dekoratif geometrik panel tasar\u0131m\u0131 ve do\u011fal ah\u015fap dokusu ile ya\u015fam alanlar\u0131nda estetik bir zemin g\u00f6r\u00fcn\u00fcm\u00fc olu\u015fturan \u00f6zel parke modellerinden biridir. Koyu me\u015fe tonlar\u0131 sayesinde mekana s\u0131cak, do\u011fal ve prestijli bir atmosfer kazand\u0131r\u0131r. Zeminde olu\u015fturdu\u011fu \u00f6zel desen yap\u0131s\u0131 ile klasik parke modellerinden farkl\u0131 bir tasar\u0131m sunar ve dekorasyona g\u00fc\u00e7l\u00fc bir karakter kazand\u0131r\u0131r.<\/p>\n<p data-start=\"860\" data-end=\"1230\">Do\u011fal ah\u015fap damarlar\u0131n\u0131 yans\u0131tan y\u00fczey yap\u0131s\u0131 sayesinde Salus \u00f6zel tasar\u0131m lamine parke bulundu\u011fu ortama do\u011fal bir s\u0131cakl\u0131k katarken geometrik panel tasar\u0131m\u0131 zeminde mimari bir g\u00f6r\u00fcn\u00fcm olu\u015fturur. Bu \u00f6zellikleri sayesinde modern i\u00e7 mimari projelerde, l\u00fcks konut tasar\u0131mlar\u0131nda ve prestijli ticari alanlarda tercih edilen dekoratif parke modelleri aras\u0131nda yer almaktad\u0131r.<\/p>\n<p data-start=\"1232\" data-end=\"1585\">Salon, oturma odas\u0131, villa projeleri, butik oteller ve y\u00f6netici ofisleri gibi bir\u00e7ok farkl\u0131 alanda kullan\u0131labilen Salus \u00f6zel tasar\u0131m lamine parke hem estetik hem de dayan\u0131kl\u0131l\u0131k a\u00e7\u0131s\u0131ndan uzun \u00f6m\u00fcrl\u00fc bir zemin \u00e7\u00f6z\u00fcm\u00fc sunar. Dayan\u0131kl\u0131 y\u00fczey yap\u0131s\u0131 sayesinde g\u00fcnl\u00fck kullan\u0131ma kar\u015f\u0131 y\u00fcksek diren\u00e7 g\u00f6sterir ve uzun y\u0131llar boyunca ilk g\u00fcnk\u00fc g\u00f6r\u00fcn\u00fcm\u00fcn\u00fc korur.<\/p>\n<p data-start=\"1587\" data-end=\"1885\">Salus \u00f6zel tasar\u0131m lamine parke, dekoratif panel tasar\u0131m\u0131 sayesinde ya\u015fam alanlar\u0131nda sanatsal bir zemin etkisi olu\u015fturur. Hem modern hem de klasik dekorasyon stilleri ile uyum sa\u011flayabilen bu model, i\u00e7 mekanlarda \u015f\u0131k ve prestijli bir g\u00f6r\u00fcn\u00fcm elde etmek isteyenler i\u00e7in ideal bir parke se\u00e7ene\u011fidir.<\/p>\n","protected":false},"featured_media":588,"template":"","meta":[],"product_brand":[20],"product_cat":[22],"product_tag":[],"class_list":{"0":"post-587","1":"product","2":"type-product","3":"status-publish","4":"has-post-thumbnail","6":"product_brand-bellafloor","7":"product_cat-ozel-tasarim-parkeler","9":"first","10":"instock","11":"shipping-taxable","12":"product-type-simple"},"_links":{"self":[{"href":"https:\/\/tiaparke.com\/index.php\/wp-json\/wp\/v2\/product\/587","targetHints":{"allow":["GET"]}}],"collection":[{"href":"https:\/\/tiaparke.com\/index.php\/wp-json\/wp\/v2\/product"}],"about":[{"href":"https:\/\/tiaparke.com\/index.php\/wp-json\/wp\/v2\/types\/product"}],"wp:featuredmedia":[{"embeddable":true,"href":"https:\/\/tiaparke.com\/index.php\/wp-json\/wp\/v2\/media\/588"}],"wp:attachment":[{"href":"https:\/\/tiaparke.com\/index.php\/wp-json\/wp\/v2\/media?parent=587"}],"wp:term":[{"taxonomy":"product_brand","embeddable":true,"href":"https:\/\/tiaparke.com\/index.php\/wp-json\/wp\/v2\/product_brand?post=587"},{"taxonomy":"product_cat","embeddable":true,"href":"https:\/\/tiaparke.com\/index.php\/wp-json\/wp\/v2\/product_cat?post=587"},{"taxonomy":"product_tag","embeddable":true,"href":"https:\/\/tiaparke.com\/index.php\/wp-json\/wp\/v2\/product_tag?post=587"}],"curies":[{"name":"wp","href":"https:\/\/api.w.org\/{rel}","templated":true}]}}