{"id":585,"date":"2026-03-16T12:54:53","date_gmt":"2026-03-16T12:54:53","guid":{"rendered":"https:\/\/tiaparke.com\/?post_type=product&#038;p=585"},"modified":"2026-03-16T12:54:53","modified_gmt":"2026-03-16T12:54:53","slug":"rossi-ozel-tasarim-lamine-parke","status":"publish","type":"product","link":"https:\/\/tiaparke.com\/index.php\/urun\/rossi-ozel-tasarim-lamine-parke\/","title":{"rendered":"Rossi \u00d6zel Tasar\u0131m Lamine Parke"},"content":{"rendered":"","protected":false},"excerpt":{"rendered":"<p data-start=\"449\" data-end=\"843\">Rossi \u00f6zel tasar\u0131m lamine parke, do\u011fal ah\u015fap dokusu ve dekoratif panel tasar\u0131m\u0131 ile ya\u015fam alanlar\u0131na \u015f\u0131kl\u0131k kazand\u0131ran \u00f6zel parke modellerinden biridir. Koyu me\u015fe tonlar\u0131 ve geometrik desen yap\u0131s\u0131 sayesinde mekanda g\u00fc\u00e7l\u00fc ve estetik bir zemin g\u00f6r\u00fcn\u00fcm\u00fc olu\u015fturur. Modern i\u00e7 mimari tasar\u0131mlarda s\u0131kl\u0131kla tercih edilen bu model, klasik parke g\u00f6r\u00fcn\u00fcm\u00fcn\u00fcn \u00f6tesinde dekoratif bir zemin tasar\u0131m\u0131 sunar.<\/p>\n<p data-start=\"845\" data-end=\"1225\">\u00d6zel panel tasar\u0131m\u0131 sayesinde Rossi \u00f6zel tasar\u0131m lamine parke, zeminde dikkat \u00e7ekici bir desen olu\u015fturur ve mekanlara karakter kazand\u0131r\u0131r. Do\u011fal ah\u015fap damarlar\u0131n\u0131 yans\u0131tan y\u00fczeyi sayesinde ortama s\u0131cak ve do\u011fal bir atmosfer kazand\u0131r\u0131rken koyu tonlar\u0131 ile l\u00fcks ve prestijli bir g\u00f6r\u00fcn\u00fcm sa\u011flar. Bu \u00f6zellikleri sayesinde \u00f6zellikle modern dekorasyon stilleri ile m\u00fckemmel uyum sa\u011flar.<\/p>\n<p data-start=\"1227\" data-end=\"1563\">Salon, oturma odas\u0131, villa projeleri, butik oteller ve prestijli ofis alanlar\u0131nda kullan\u0131labilen Rossi \u00f6zel tasar\u0131m lamine parke hem estetik hem de dayan\u0131kl\u0131l\u0131k a\u00e7\u0131s\u0131ndan uzun \u00f6m\u00fcrl\u00fc bir zemin \u00e7\u00f6z\u00fcm\u00fc sunar. Dayan\u0131kl\u0131 y\u00fczey yap\u0131s\u0131 sayesinde g\u00fcnl\u00fck kullan\u0131ma kar\u015f\u0131 y\u00fcksek diren\u00e7 g\u00f6sterir ve uzun y\u0131llar boyunca ilk g\u00fcnk\u00fc g\u00f6r\u00fcn\u00fcm\u00fcn\u00fc korur.<\/p>\n<p data-start=\"1565\" data-end=\"1868\">Rossi \u00f6zel tasar\u0131m lamine parke, dekoratif tasar\u0131m\u0131 ve do\u011fal ah\u015fap g\u00f6r\u00fcn\u00fcm\u00fc ile ya\u015fam alanlar\u0131nda \u00f6zg\u00fcn bir atmosfer yaratmak isteyenler i\u00e7in ideal bir parke modelidir. \u0130\u00e7 mimari projelerde ve dekoratif zemin tasar\u0131mlar\u0131nda s\u0131k\u00e7a tercih edilen bu model, mekanlara zarif ve modern bir dokunu\u015f kazand\u0131r\u0131r.<\/p>\n","protected":false},"featured_media":586,"template":"","meta":[],"product_brand":[20],"product_cat":[22],"product_tag":[],"class_list":{"0":"post-585","1":"product","2":"type-product","3":"status-publish","4":"has-post-thumbnail","6":"product_brand-bellafloor","7":"product_cat-ozel-tasarim-parkeler","9":"first","10":"instock","11":"shipping-taxable","12":"product-type-simple"},"_links":{"self":[{"href":"https:\/\/tiaparke.com\/index.php\/wp-json\/wp\/v2\/product\/585","targetHints":{"allow":["GET"]}}],"collection":[{"href":"https:\/\/tiaparke.com\/index.php\/wp-json\/wp\/v2\/product"}],"about":[{"href":"https:\/\/tiaparke.com\/index.php\/wp-json\/wp\/v2\/types\/product"}],"wp:featuredmedia":[{"embeddable":true,"href":"https:\/\/tiaparke.com\/index.php\/wp-json\/wp\/v2\/media\/586"}],"wp:attachment":[{"href":"https:\/\/tiaparke.com\/index.php\/wp-json\/wp\/v2\/media?parent=585"}],"wp:term":[{"taxonomy":"product_brand","embeddable":true,"href":"https:\/\/tiaparke.com\/index.php\/wp-json\/wp\/v2\/product_brand?post=585"},{"taxonomy":"product_cat","embeddable":true,"href":"https:\/\/tiaparke.com\/index.php\/wp-json\/wp\/v2\/product_cat?post=585"},{"taxonomy":"product_tag","embeddable":true,"href":"https:\/\/tiaparke.com\/index.php\/wp-json\/wp\/v2\/product_tag?post=585"}],"curies":[{"name":"wp","href":"https:\/\/api.w.org\/{rel}","templated":true}]}}