{"id":575,"date":"2026-03-16T12:00:00","date_gmt":"2026-03-16T12:00:00","guid":{"rendered":"https:\/\/tiaparke.com\/?post_type=product&#038;p=575"},"modified":"2026-03-16T12:00:00","modified_gmt":"2026-03-16T12:00:00","slug":"loop-ozel-tasarim-lamine-parke","status":"publish","type":"product","link":"https:\/\/tiaparke.com\/index.php\/urun\/loop-ozel-tasarim-lamine-parke\/","title":{"rendered":"Loop \u00d6zel Tasar\u0131m Lamine Parke"},"content":{"rendered":"","protected":false},"excerpt":{"rendered":"<p data-start=\"449\" data-end=\"843\">Loop \u00f6zel tasar\u0131m lamine parke, modern i\u00e7 mekan tasar\u0131mlar\u0131nda estetik ve \u015f\u0131kl\u0131\u011f\u0131 bir araya getiren \u00f6zel bir parke modelidir. Geometrik desen yap\u0131s\u0131 ve koyu ah\u015fap tonlar\u0131 sayesinde ya\u015fam alanlar\u0131na g\u00fc\u00e7l\u00fc bir karakter kazand\u0131r\u0131r. \u00d6zellikle klasik ve modern dekorasyonun birle\u015fti\u011fi mekanlarda kullan\u0131lan bu parke modeli, dekoratif zemin tasar\u0131mlar\u0131nda olduk\u00e7a dikkat \u00e7ekici bir g\u00f6r\u00fcn\u00fcm olu\u015fturur.<\/p>\n<p data-start=\"845\" data-end=\"1282\">Y\u00fcksek kaliteli \u00fcretim teknolojisi ile \u00fcretilen Loop \u00f6zel tasar\u0131m lamine parke, hem dayan\u0131kl\u0131l\u0131\u011f\u0131 hem de g\u00f6rsel esteti\u011fi ile \u00f6ne \u00e7\u0131kar. Ah\u015fap dokusunu en do\u011fal haliyle yans\u0131tan y\u00fczeyi, ya\u015fam alanlar\u0131nda s\u0131cak ve do\u011fal bir atmosfer olu\u015fturur. Salon, oturma odas\u0131, ofis ve butik konseptli mekanlarda rahatl\u0131kla kullan\u0131labilen bu \u00f6zel parke modeli, zemine derinlik ve hareket kazand\u0131ran tasar\u0131m\u0131yla mimari projelerde de tercih edilmektedir.<\/p>\n<p data-start=\"1284\" data-end=\"1612\">Loop desenli lamine parke, standart parke modellerinden farkl\u0131 olarak zeminde dekoratif bir sanat eseri etkisi olu\u015fturur. Mekan\u0131n genel tasar\u0131m\u0131na prestij ve \u00f6zg\u00fcnl\u00fck katarken ayn\u0131 zamanda uzun \u00f6m\u00fcrl\u00fc yap\u0131s\u0131 sayesinde y\u0131llarca g\u00fcvenle kullan\u0131labilir. Dayan\u0131kl\u0131 y\u00fczey yap\u0131s\u0131 \u00e7izilmelere ve g\u00fcnl\u00fck kullan\u0131ma kar\u015f\u0131 diren\u00e7 g\u00f6sterir.<\/p>\n<p data-start=\"1614\" data-end=\"1830\">E\u011fer ya\u015fam alanlar\u0131n\u0131zda klasik parkelerin d\u0131\u015f\u0131nda, daha \u00f6zg\u00fcn ve dekoratif bir zemin tasar\u0131m\u0131 ar\u0131yorsan\u0131z Loop \u00f6zel tasar\u0131m lamine parke modeli estetik ve fonksiyonelli\u011fi bir arada sunan ideal se\u00e7eneklerden biridir.<\/p>\n","protected":false},"featured_media":576,"template":"","meta":[],"product_brand":[20],"product_cat":[22],"product_tag":[],"class_list":{"0":"post-575","1":"product","2":"type-product","3":"status-publish","4":"has-post-thumbnail","6":"product_brand-bellafloor","7":"product_cat-ozel-tasarim-parkeler","9":"first","10":"instock","11":"shipping-taxable","12":"product-type-simple"},"_links":{"self":[{"href":"https:\/\/tiaparke.com\/index.php\/wp-json\/wp\/v2\/product\/575","targetHints":{"allow":["GET"]}}],"collection":[{"href":"https:\/\/tiaparke.com\/index.php\/wp-json\/wp\/v2\/product"}],"about":[{"href":"https:\/\/tiaparke.com\/index.php\/wp-json\/wp\/v2\/types\/product"}],"wp:featuredmedia":[{"embeddable":true,"href":"https:\/\/tiaparke.com\/index.php\/wp-json\/wp\/v2\/media\/576"}],"wp:attachment":[{"href":"https:\/\/tiaparke.com\/index.php\/wp-json\/wp\/v2\/media?parent=575"}],"wp:term":[{"taxonomy":"product_brand","embeddable":true,"href":"https:\/\/tiaparke.com\/index.php\/wp-json\/wp\/v2\/product_brand?post=575"},{"taxonomy":"product_cat","embeddable":true,"href":"https:\/\/tiaparke.com\/index.php\/wp-json\/wp\/v2\/product_cat?post=575"},{"taxonomy":"product_tag","embeddable":true,"href":"https:\/\/tiaparke.com\/index.php\/wp-json\/wp\/v2\/product_tag?post=575"}],"curies":[{"name":"wp","href":"https:\/\/api.w.org\/{rel}","templated":true}]}}