{"id":573,"date":"2026-03-16T11:48:04","date_gmt":"2026-03-16T11:48:04","guid":{"rendered":"https:\/\/tiaparke.com\/?post_type=product&#038;p=573"},"modified":"2026-03-16T11:48:04","modified_gmt":"2026-03-16T11:48:04","slug":"goya-ozel-tasarim-lamine-parke","status":"publish","type":"product","link":"https:\/\/tiaparke.com\/index.php\/urun\/goya-ozel-tasarim-lamine-parke\/","title":{"rendered":"Goya \u00d6zel Tasar\u0131m Lamine Parke"},"content":{"rendered":"","protected":false},"excerpt":{"rendered":"<p data-start=\"1003\" data-end=\"1227\">Goya \u00f6zel tasar\u0131m lamine parke modeli dekoratif ve mimari zemin tasar\u0131mlar\u0131 olu\u015fturmak i\u00e7in geli\u015ftirilmi\u015f \u00f6zel bir parke modelidir. Geometrik desenli y\u00fczey yap\u0131s\u0131 sayesinde zeminlerde estetik ve modern bir g\u00f6r\u00fcn\u00fcm olu\u015fturur.<\/p>\n<p data-start=\"1229\" data-end=\"1442\">Lamine parke yap\u0131s\u0131 sayesinde do\u011fal ah\u015fap g\u00f6r\u00fcn\u00fcm\u00fcn\u00fc modern zemin tasar\u0131mlar\u0131yla birle\u015ftirir. Desenli y\u00fczey dokusu mekanlara mimari bir karakter kazand\u0131r\u0131rken ayn\u0131 zamanda dikkat \u00e7ekici bir dekoratif etki yarat\u0131r.<\/p>\n<p data-start=\"1444\" data-end=\"1623\">Goya modeli \u00f6zellikle l\u00fcks konut projelerinde, villa dekorasyonlar\u0131nda, otel lobilerinde ve prestijli i\u00e7 mekan tasar\u0131mlar\u0131nda tercih edilen \u00f6zel parke modelleri aras\u0131nda yer al\u0131r.<\/p>\n<p data-start=\"1625\" data-end=\"1808\">Kaliteli \u00fcretim teknolojisi sayesinde dayan\u0131kl\u0131 ve uzun \u00f6m\u00fcrl\u00fc bir kullan\u0131m sunar. Dekoratif y\u00fczey yap\u0131s\u0131 mekan\u0131n genel tasar\u0131m\u0131n\u0131 g\u00fc\u00e7lendirerek \u015f\u0131k ve estetik bir atmosfer olu\u015fturur.<\/p>\n","protected":false},"featured_media":574,"template":"","meta":[],"product_brand":[20],"product_cat":[22],"product_tag":[],"class_list":{"0":"post-573","1":"product","2":"type-product","3":"status-publish","4":"has-post-thumbnail","6":"product_brand-bellafloor","7":"product_cat-ozel-tasarim-parkeler","9":"first","10":"instock","11":"shipping-taxable","12":"product-type-simple"},"_links":{"self":[{"href":"https:\/\/tiaparke.com\/index.php\/wp-json\/wp\/v2\/product\/573","targetHints":{"allow":["GET"]}}],"collection":[{"href":"https:\/\/tiaparke.com\/index.php\/wp-json\/wp\/v2\/product"}],"about":[{"href":"https:\/\/tiaparke.com\/index.php\/wp-json\/wp\/v2\/types\/product"}],"wp:featuredmedia":[{"embeddable":true,"href":"https:\/\/tiaparke.com\/index.php\/wp-json\/wp\/v2\/media\/574"}],"wp:attachment":[{"href":"https:\/\/tiaparke.com\/index.php\/wp-json\/wp\/v2\/media?parent=573"}],"wp:term":[{"taxonomy":"product_brand","embeddable":true,"href":"https:\/\/tiaparke.com\/index.php\/wp-json\/wp\/v2\/product_brand?post=573"},{"taxonomy":"product_cat","embeddable":true,"href":"https:\/\/tiaparke.com\/index.php\/wp-json\/wp\/v2\/product_cat?post=573"},{"taxonomy":"product_tag","embeddable":true,"href":"https:\/\/tiaparke.com\/index.php\/wp-json\/wp\/v2\/product_tag?post=573"}],"curies":[{"name":"wp","href":"https:\/\/api.w.org\/{rel}","templated":true}]}}