{"id":571,"date":"2026-03-16T11:44:14","date_gmt":"2026-03-16T11:44:14","guid":{"rendered":"https:\/\/tiaparke.com\/?post_type=product&#038;p=571"},"modified":"2026-03-16T11:44:14","modified_gmt":"2026-03-16T11:44:14","slug":"fiore-ozel-tasarim-parke","status":"publish","type":"product","link":"https:\/\/tiaparke.com\/index.php\/urun\/fiore-ozel-tasarim-parke\/","title":{"rendered":"Fiore \u00d6zel Tasar\u0131m Parke"},"content":{"rendered":"","protected":false},"excerpt":{"rendered":"<p data-start=\"1013\" data-end=\"1262\">Fiore \u00f6zel tasar\u0131m parke modeli dekoratif ve sanatsal zemin tasar\u0131mlar\u0131 olu\u015fturmak i\u00e7in geli\u015ftirilmi\u015f \u00f6zel bir parke modelidir. \u00c7i\u00e7ek motifli y\u00fczey tasar\u0131m\u0131 sayesinde zeminlerde klasik ve modern dekorasyonun birle\u015fti\u011fi estetik bir g\u00f6r\u00fcn\u00fcm olu\u015fturur.<\/p>\n<p data-start=\"1264\" data-end=\"1564\">Desenli y\u00fczey yap\u0131s\u0131 mekanlara mimari bir karakter kazand\u0131r\u0131rken ayn\u0131 zamanda dikkat \u00e7ekici bir dekoratif etki yarat\u0131r. Fiore modeli \u00f6zellikle l\u00fcks i\u00e7 mekan tasar\u0131mlar\u0131nda, otel projelerinde, villa dekorasyonlar\u0131nda ve prestijli ya\u015fam alanlar\u0131nda tercih edilen \u00f6zel parke modelleri aras\u0131nda yer al\u0131r.<\/p>\n<p data-start=\"1566\" data-end=\"1747\">Kaliteli \u00fcretim yap\u0131s\u0131 ve dayan\u0131kl\u0131 y\u00fczeyi sayesinde uzun \u00f6m\u00fcrl\u00fc kullan\u0131m sunar. Dekoratif y\u00fczey dokusu mek\u00e2n\u0131n genel tasar\u0131m\u0131n\u0131 g\u00fc\u00e7lendirerek estetik ve \u015f\u0131k bir atmosfer olu\u015fturur.<\/p>\n","protected":false},"featured_media":572,"template":"","meta":[],"product_brand":[20],"product_cat":[22],"product_tag":[],"class_list":{"0":"post-571","1":"product","2":"type-product","3":"status-publish","4":"has-post-thumbnail","6":"product_brand-bellafloor","7":"product_cat-ozel-tasarim-parkeler","9":"first","10":"instock","11":"shipping-taxable","12":"product-type-simple"},"_links":{"self":[{"href":"https:\/\/tiaparke.com\/index.php\/wp-json\/wp\/v2\/product\/571","targetHints":{"allow":["GET"]}}],"collection":[{"href":"https:\/\/tiaparke.com\/index.php\/wp-json\/wp\/v2\/product"}],"about":[{"href":"https:\/\/tiaparke.com\/index.php\/wp-json\/wp\/v2\/types\/product"}],"wp:featuredmedia":[{"embeddable":true,"href":"https:\/\/tiaparke.com\/index.php\/wp-json\/wp\/v2\/media\/572"}],"wp:attachment":[{"href":"https:\/\/tiaparke.com\/index.php\/wp-json\/wp\/v2\/media?parent=571"}],"wp:term":[{"taxonomy":"product_brand","embeddable":true,"href":"https:\/\/tiaparke.com\/index.php\/wp-json\/wp\/v2\/product_brand?post=571"},{"taxonomy":"product_cat","embeddable":true,"href":"https:\/\/tiaparke.com\/index.php\/wp-json\/wp\/v2\/product_cat?post=571"},{"taxonomy":"product_tag","embeddable":true,"href":"https:\/\/tiaparke.com\/index.php\/wp-json\/wp\/v2\/product_tag?post=571"}],"curies":[{"name":"wp","href":"https:\/\/api.w.org\/{rel}","templated":true}]}}