{"id":462,"date":"2026-03-11T18:38:12","date_gmt":"2026-03-11T18:38:12","guid":{"rendered":"https:\/\/tiaparke.com\/?post_type=product&#038;p=462"},"modified":"2026-03-11T18:43:44","modified_gmt":"2026-03-11T18:43:44","slug":"sarin-duvar-paneli","status":"publish","type":"product","link":"https:\/\/tiaparke.com\/index.php\/urun\/sarin-duvar-paneli\/","title":{"rendered":"Sarin Duvar Paneli"},"content":{"rendered":"","protected":false},"excerpt":{"rendered":"<p data-start=\"1030\" data-end=\"1275\">Sarin duvar paneli modern i\u00e7 mekan dekorasyonlar\u0131nda estetik ve mimari bir vurgu olu\u015fturmak i\u00e7in tasarlanm\u0131\u015f dekoratif bir duvar kaplama modelidir. \u00d6zel panel kesiti sayesinde duvar y\u00fczeylerinde derinlikli ve modern bir tasar\u0131m etkisi olu\u015fturur.<\/p>\n<p data-start=\"1277\" data-end=\"1509\">18 mm panel kal\u0131nl\u0131\u011f\u0131 ile g\u00fc\u00e7l\u00fc ve dayan\u0131kl\u0131 bir yap\u0131 sunan Sarin modeli, duvar y\u00fczeylerinde belirgin ve estetik bir panel g\u00f6r\u00fcn\u00fcm\u00fc sa\u011flar. 120 mm panel geni\u015fli\u011fi sayesinde duvar y\u00fczeyinde dengeli ve modern dikey \u00e7izgiler olu\u015fturur.<\/p>\n<p data-start=\"1511\" data-end=\"1664\">280 cm panel boyu sayesinde standart tavan y\u00fcksekliklerinde kesintisiz kaplama yap\u0131labilir ve duvar y\u00fczeyinde b\u00fct\u00fcnc\u00fcl bir dekoratif g\u00f6r\u00fcn\u00fcm elde edilir.<\/p>\n<p data-start=\"1666\" data-end=\"1874\">Sarin modeli \u00f6zellikle modern, minimalist ve \u00e7a\u011fda\u015f dekorasyon tarzlar\u0131nda tercih edilir. Salon dekorasyonlar\u0131nda, TV arkas\u0131 duvar tasar\u0131mlar\u0131nda, ofis ve resepsiyon alanlar\u0131nda modern bir atmosfer olu\u015fturur.<\/p>\n","protected":false},"featured_media":474,"template":"","meta":[],"product_brand":[],"product_cat":[28],"product_tag":[],"class_list":{"0":"post-462","1":"product","2":"type-product","3":"status-publish","4":"has-post-thumbnail","6":"product_cat-duvar-panelleri","8":"first","9":"instock","10":"shipping-taxable","11":"product-type-simple"},"_links":{"self":[{"href":"https:\/\/tiaparke.com\/index.php\/wp-json\/wp\/v2\/product\/462","targetHints":{"allow":["GET"]}}],"collection":[{"href":"https:\/\/tiaparke.com\/index.php\/wp-json\/wp\/v2\/product"}],"about":[{"href":"https:\/\/tiaparke.com\/index.php\/wp-json\/wp\/v2\/types\/product"}],"wp:featuredmedia":[{"embeddable":true,"href":"https:\/\/tiaparke.com\/index.php\/wp-json\/wp\/v2\/media\/474"}],"wp:attachment":[{"href":"https:\/\/tiaparke.com\/index.php\/wp-json\/wp\/v2\/media?parent=462"}],"wp:term":[{"taxonomy":"product_brand","embeddable":true,"href":"https:\/\/tiaparke.com\/index.php\/wp-json\/wp\/v2\/product_brand?post=462"},{"taxonomy":"product_cat","embeddable":true,"href":"https:\/\/tiaparke.com\/index.php\/wp-json\/wp\/v2\/product_cat?post=462"},{"taxonomy":"product_tag","embeddable":true,"href":"https:\/\/tiaparke.com\/index.php\/wp-json\/wp\/v2\/product_tag?post=462"}],"curies":[{"name":"wp","href":"https:\/\/api.w.org\/{rel}","templated":true}]}}