{"id":457,"date":"2026-03-11T18:34:50","date_gmt":"2026-03-11T18:34:50","guid":{"rendered":"https:\/\/tiaparke.com\/?post_type=product&#038;p=457"},"modified":"2026-03-11T18:34:50","modified_gmt":"2026-03-11T18:34:50","slug":"pera-duvar-paneli","status":"publish","type":"product","link":"https:\/\/tiaparke.com\/index.php\/urun\/pera-duvar-paneli\/","title":{"rendered":"Pera Duvar Paneli"},"content":{"rendered":"","protected":false},"excerpt":{"rendered":"<p data-start=\"1007\" data-end=\"1245\">Pera duvar paneli modern i\u00e7 mekan dekorasyonlar\u0131nda estetik ve mimari bir vurgu olu\u015fturmak i\u00e7in tasarlanm\u0131\u015f dekoratif bir duvar kaplama modelidir. \u00d6zel panel formu sayesinde duvar y\u00fczeylerinde ak\u0131c\u0131 ve modern bir tasar\u0131m etkisi olu\u015fturur.<\/p>\n<p data-start=\"1247\" data-end=\"1510\">18 mm panel kal\u0131nl\u0131\u011f\u0131 ile g\u00fc\u00e7l\u00fc ve dayan\u0131kl\u0131 bir yap\u0131 sunan Pera modeli, duvar y\u00fczeylerinde dikkat \u00e7ekici ve dekoratif bir g\u00f6r\u00fcn\u00fcm olu\u015fturur. 120 mm panel geni\u015fli\u011fi sayesinde dengeli ve estetik dikey \u00e7izgiler olu\u015fturularak mek\u00e2na modern bir karakter kazand\u0131r\u0131l\u0131r.<\/p>\n<p data-start=\"1512\" data-end=\"1661\">280 cm panel boyu sayesinde standart tavan y\u00fcksekliklerinde kesintisiz duvar kaplama yap\u0131labilir ve duvar y\u00fczeyinde b\u00fct\u00fcnc\u00fcl bir tasar\u0131m elde edilir.<\/p>\n<p data-start=\"1663\" data-end=\"1882\">Pera modeli \u00f6zellikle modern, minimalist ve \u00e7a\u011fda\u015f dekorasyon tarzlar\u0131nda tercih edilir. TV arkas\u0131 duvar tasar\u0131mlar\u0131nda, salon dekorasyonlar\u0131nda, antre ve koridor duvarlar\u0131nda \u015f\u0131k ve dikkat \u00e7ekici bir g\u00f6r\u00fcn\u00fcm olu\u015fturur.<\/p>\n","protected":false},"featured_media":458,"template":"","meta":[],"product_brand":[],"product_cat":[28],"product_tag":[],"class_list":{"0":"post-457","1":"product","2":"type-product","3":"status-publish","4":"has-post-thumbnail","6":"product_cat-duvar-panelleri","8":"first","9":"instock","10":"shipping-taxable","11":"product-type-simple"},"_links":{"self":[{"href":"https:\/\/tiaparke.com\/index.php\/wp-json\/wp\/v2\/product\/457","targetHints":{"allow":["GET"]}}],"collection":[{"href":"https:\/\/tiaparke.com\/index.php\/wp-json\/wp\/v2\/product"}],"about":[{"href":"https:\/\/tiaparke.com\/index.php\/wp-json\/wp\/v2\/types\/product"}],"wp:featuredmedia":[{"embeddable":true,"href":"https:\/\/tiaparke.com\/index.php\/wp-json\/wp\/v2\/media\/458"}],"wp:attachment":[{"href":"https:\/\/tiaparke.com\/index.php\/wp-json\/wp\/v2\/media?parent=457"}],"wp:term":[{"taxonomy":"product_brand","embeddable":true,"href":"https:\/\/tiaparke.com\/index.php\/wp-json\/wp\/v2\/product_brand?post=457"},{"taxonomy":"product_cat","embeddable":true,"href":"https:\/\/tiaparke.com\/index.php\/wp-json\/wp\/v2\/product_cat?post=457"},{"taxonomy":"product_tag","embeddable":true,"href":"https:\/\/tiaparke.com\/index.php\/wp-json\/wp\/v2\/product_tag?post=457"}],"curies":[{"name":"wp","href":"https:\/\/api.w.org\/{rel}","templated":true}]}}