{"id":451,"date":"2026-03-11T18:32:18","date_gmt":"2026-03-11T18:32:18","guid":{"rendered":"https:\/\/tiaparke.com\/?post_type=product&#038;p=451"},"modified":"2026-03-11T18:45:47","modified_gmt":"2026-03-11T18:45:47","slug":"riva-duvar-paneli","status":"publish","type":"product","link":"https:\/\/tiaparke.com\/index.php\/urun\/riva-duvar-paneli\/","title":{"rendered":"Riva Duvar Paneli"},"content":{"rendered":"","protected":false},"excerpt":{"rendered":"<p data-start=\"997\" data-end=\"1233\">Riva duvar paneli modern i\u00e7 mekan dekorasyonlar\u0131nda estetik ve sade bir g\u00f6r\u00fcn\u00fcm olu\u015fturmak i\u00e7in tasarlanm\u0131\u015f dekoratif duvar kaplama modelidir. Dikey panel formu sayesinde duvar y\u00fczeylerinde dengeli ve zarif bir tasar\u0131m etkisi olu\u015fturur.<\/p>\n<p data-start=\"1235\" data-end=\"1528\">12 mm panel kal\u0131nl\u0131\u011f\u0131 ile hafif fakat dayan\u0131kl\u0131 bir yap\u0131 sunan Riva modeli, geni\u015f panel yap\u0131s\u0131 sayesinde duvar y\u00fczeyinde daha sade ve modern bir g\u00f6r\u00fcn\u00fcm sa\u011flar. 188 mm panel geni\u015fli\u011fi sayesinde di\u011fer modellere g\u00f6re daha geni\u015f panel aral\u0131klar\u0131 olu\u015fturarak mek\u00e2na modern bir karakter kazand\u0131r\u0131r.<\/p>\n<p data-start=\"1530\" data-end=\"1673\">280 cm panel boyu sayesinde standart tavan y\u00fcksekliklerinde kesintisiz kaplama yap\u0131labilir ve duvar y\u00fczeyinde b\u00fct\u00fcnc\u00fcl bir tasar\u0131m elde edilir.<\/p>\n<p data-start=\"1675\" data-end=\"1870\">Riva modeli \u00f6zellikle modern ve minimal dekorasyon tarzlar\u0131nda tercih edilir. TV arkas\u0131 duvar tasar\u0131mlar\u0131nda, yatak ba\u015f\u0131 duvarlar\u0131nda ve dekoratif odak duvarlar\u0131nda estetik bir g\u00f6r\u00fcn\u00fcm olu\u015fturur.<\/p>\n","protected":false},"featured_media":475,"template":"","meta":[],"product_brand":[],"product_cat":[28],"product_tag":[],"class_list":{"0":"post-451","1":"product","2":"type-product","3":"status-publish","4":"has-post-thumbnail","6":"product_cat-duvar-panelleri","8":"first","9":"instock","10":"shipping-taxable","11":"product-type-simple"},"_links":{"self":[{"href":"https:\/\/tiaparke.com\/index.php\/wp-json\/wp\/v2\/product\/451","targetHints":{"allow":["GET"]}}],"collection":[{"href":"https:\/\/tiaparke.com\/index.php\/wp-json\/wp\/v2\/product"}],"about":[{"href":"https:\/\/tiaparke.com\/index.php\/wp-json\/wp\/v2\/types\/product"}],"wp:featuredmedia":[{"embeddable":true,"href":"https:\/\/tiaparke.com\/index.php\/wp-json\/wp\/v2\/media\/475"}],"wp:attachment":[{"href":"https:\/\/tiaparke.com\/index.php\/wp-json\/wp\/v2\/media?parent=451"}],"wp:term":[{"taxonomy":"product_brand","embeddable":true,"href":"https:\/\/tiaparke.com\/index.php\/wp-json\/wp\/v2\/product_brand?post=451"},{"taxonomy":"product_cat","embeddable":true,"href":"https:\/\/tiaparke.com\/index.php\/wp-json\/wp\/v2\/product_cat?post=451"},{"taxonomy":"product_tag","embeddable":true,"href":"https:\/\/tiaparke.com\/index.php\/wp-json\/wp\/v2\/product_tag?post=451"}],"curies":[{"name":"wp","href":"https:\/\/api.w.org\/{rel}","templated":true}]}}