{"id":441,"date":"2026-03-11T18:21:36","date_gmt":"2026-03-11T18:21:36","guid":{"rendered":"https:\/\/tiaparke.com\/?post_type=product&#038;p=441"},"modified":"2026-03-11T18:49:49","modified_gmt":"2026-03-11T18:49:49","slug":"capri-duvar-paneli","status":"publish","type":"product","link":"https:\/\/tiaparke.com\/index.php\/urun\/capri-duvar-paneli\/","title":{"rendered":"Capri Duvar Paneli"},"content":{"rendered":"","protected":false},"excerpt":{"rendered":"<p data-start=\"1029\" data-end=\"1270\">Capri duvar paneli modern i\u00e7 mekan tasar\u0131mlar\u0131na estetik ve \u00f6zg\u00fcn bir karakter kazand\u0131rmak i\u00e7in geli\u015ftirilmi\u015f dekoratif bir duvar kaplama modelidir. \u00d6zel panel formu sayesinde duvar y\u00fczeylerinde dalgal\u0131 ve ak\u0131c\u0131 bir tasar\u0131m etkisi olu\u015fturur.<\/p>\n<p data-start=\"1272\" data-end=\"1505\">12 mm panel kal\u0131nl\u0131\u011f\u0131 ile hafif fakat dayan\u0131kl\u0131 bir yap\u0131 sunan Capri modeli, mekanlarda hem modern hem de zarif bir atmosfer olu\u015fturur. 120 mm panel geni\u015fli\u011fi sayesinde duvar y\u00fczeyinde dengeli ve estetik bir panel d\u00fczeni elde edilir.<\/p>\n<p data-start=\"1507\" data-end=\"1643\">280 cm panel boyu sayesinde standart tavan y\u00fcksekliklerinde kesintisiz kaplama yap\u0131labilir ve duvar y\u00fczeyinde estetik b\u00fct\u00fcnl\u00fck sa\u011flan\u0131r.<\/p>\n<p data-start=\"1645\" data-end=\"1806\">Capri modeli \u00f6zellikle yatak ba\u015f\u0131 duvar tasar\u0131mlar\u0131nda, salon dekorasyonlar\u0131nda ve TV arkas\u0131 duvar uygulamalar\u0131nda modern ve dikkat \u00e7ekici bir g\u00f6r\u00fcn\u00fcm olu\u015fturur.<\/p>\n","protected":false},"featured_media":469,"template":"","meta":[],"product_brand":[],"product_cat":[28],"product_tag":[],"class_list":{"0":"post-441","1":"product","2":"type-product","3":"status-publish","4":"has-post-thumbnail","6":"product_cat-duvar-panelleri","8":"first","9":"instock","10":"shipping-taxable","11":"product-type-simple"},"_links":{"self":[{"href":"https:\/\/tiaparke.com\/index.php\/wp-json\/wp\/v2\/product\/441","targetHints":{"allow":["GET"]}}],"collection":[{"href":"https:\/\/tiaparke.com\/index.php\/wp-json\/wp\/v2\/product"}],"about":[{"href":"https:\/\/tiaparke.com\/index.php\/wp-json\/wp\/v2\/types\/product"}],"wp:featuredmedia":[{"embeddable":true,"href":"https:\/\/tiaparke.com\/index.php\/wp-json\/wp\/v2\/media\/469"}],"wp:attachment":[{"href":"https:\/\/tiaparke.com\/index.php\/wp-json\/wp\/v2\/media?parent=441"}],"wp:term":[{"taxonomy":"product_brand","embeddable":true,"href":"https:\/\/tiaparke.com\/index.php\/wp-json\/wp\/v2\/product_brand?post=441"},{"taxonomy":"product_cat","embeddable":true,"href":"https:\/\/tiaparke.com\/index.php\/wp-json\/wp\/v2\/product_cat?post=441"},{"taxonomy":"product_tag","embeddable":true,"href":"https:\/\/tiaparke.com\/index.php\/wp-json\/wp\/v2\/product_tag?post=441"}],"curies":[{"name":"wp","href":"https:\/\/api.w.org\/{rel}","templated":true}]}}