{"id":416,"date":"2026-03-11T17:55:36","date_gmt":"2026-03-11T17:55:36","guid":{"rendered":"https:\/\/tiaparke.com\/?post_type=product&#038;p=416"},"modified":"2026-03-11T17:55:37","modified_gmt":"2026-03-11T17:55:37","slug":"rigel-duvar-paneli","status":"publish","type":"product","link":"https:\/\/tiaparke.com\/index.php\/urun\/rigel-duvar-paneli\/","title":{"rendered":"Rigel Duvar Paneli"},"content":{"rendered":"","protected":false},"excerpt":{"rendered":"<p data-start=\"1112\" data-end=\"1348\">Rigel duvar paneli modern i\u00e7 mekan dekorasyonlar\u0131nda estetik ve mimari bir etki olu\u015fturmak i\u00e7in tasarlanm\u0131\u015f dekoratif bir duvar kaplama sistemidir. \u00d6zel panel formu sayesinde duvar y\u00fczeyinde dikkat \u00e7ekici ve \u00f6zg\u00fcn bir g\u00f6r\u00fcn\u00fcm olu\u015fturur.<\/p>\n<p data-start=\"1350\" data-end=\"1588\">18 mm panel kal\u0131nl\u0131\u011f\u0131 ile g\u00fc\u00e7l\u00fc ve sa\u011flam bir yap\u0131 sunan Rigel modeli, mek\u00e2nlara derinlik kazand\u0131ran modern bir tasar\u0131m sunar. 120 mm panel geni\u015fli\u011fi ve 280 cm panel boyu sayesinde duvarlarda kesintisiz ve dengeli bir kaplama elde edilir.<\/p>\n<p data-start=\"1590\" data-end=\"1742\">Rigel modeli \u00f6zellikle modern ve \u00e7a\u011fda\u015f i\u00e7 mekan tasar\u0131mlar\u0131nda tercih edilir. Dikey panel formu mek\u00e2n\u0131n daha y\u00fcksek ve ferah g\u00f6r\u00fcnmesine yard\u0131mc\u0131 olur.<\/p>\n<p data-start=\"1744\" data-end=\"1881\">Salonlardan yatak odalar\u0131na, ofislerden otel lobilerine kadar bir\u00e7ok farkl\u0131 mek\u00e2nda dekoratif duvar kaplama \u00e7\u00f6z\u00fcm\u00fc olarak kullan\u0131labilir.<\/p>\n","protected":false},"featured_media":417,"template":"","meta":[],"product_brand":[],"product_cat":[28],"product_tag":[],"class_list":{"0":"post-416","1":"product","2":"type-product","3":"status-publish","4":"has-post-thumbnail","6":"product_cat-duvar-panelleri","8":"first","9":"instock","10":"shipping-taxable","11":"product-type-simple"},"_links":{"self":[{"href":"https:\/\/tiaparke.com\/index.php\/wp-json\/wp\/v2\/product\/416","targetHints":{"allow":["GET"]}}],"collection":[{"href":"https:\/\/tiaparke.com\/index.php\/wp-json\/wp\/v2\/product"}],"about":[{"href":"https:\/\/tiaparke.com\/index.php\/wp-json\/wp\/v2\/types\/product"}],"wp:featuredmedia":[{"embeddable":true,"href":"https:\/\/tiaparke.com\/index.php\/wp-json\/wp\/v2\/media\/417"}],"wp:attachment":[{"href":"https:\/\/tiaparke.com\/index.php\/wp-json\/wp\/v2\/media?parent=416"}],"wp:term":[{"taxonomy":"product_brand","embeddable":true,"href":"https:\/\/tiaparke.com\/index.php\/wp-json\/wp\/v2\/product_brand?post=416"},{"taxonomy":"product_cat","embeddable":true,"href":"https:\/\/tiaparke.com\/index.php\/wp-json\/wp\/v2\/product_cat?post=416"},{"taxonomy":"product_tag","embeddable":true,"href":"https:\/\/tiaparke.com\/index.php\/wp-json\/wp\/v2\/product_tag?post=416"}],"curies":[{"name":"wp","href":"https:\/\/api.w.org\/{rel}","templated":true}]}}