{"id":409,"date":"2026-03-11T17:51:43","date_gmt":"2026-03-11T17:51:43","guid":{"rendered":"https:\/\/tiaparke.com\/?post_type=product&#038;p=409"},"modified":"2026-03-11T18:53:54","modified_gmt":"2026-03-11T18:53:54","slug":"antares-duvar-paneli","status":"publish","type":"product","link":"https:\/\/tiaparke.com\/index.php\/urun\/antares-duvar-paneli\/","title":{"rendered":"Antares Duvar Paneli"},"content":{"rendered":"","protected":false},"excerpt":{"rendered":"<p data-start=\"1101\" data-end=\"1333\">Antares duvar paneli modern i\u00e7 mekan dekorasyonlar\u0131nda estetik ve mimari bir etki olu\u015fturmak i\u00e7in tasarlanm\u0131\u015f dekoratif bir duvar kaplama sistemidir. Dikey panel tasar\u0131m\u0131 sayesinde duvarlarda d\u00fczenli ve ritmik bir g\u00f6r\u00fcn\u00fcm olu\u015fturur.<\/p>\n<p data-start=\"1335\" data-end=\"1565\">12 mm panel kal\u0131nl\u0131\u011f\u0131 ve 120 mm panel geni\u015fli\u011fi ile dengeli ve modern bir y\u00fczey olu\u015fturur. 280 cm panel boyu sayesinde standart tavan y\u00fcksekliklerinde ek yeri olmadan uygulanabilir ve duvarlarda kesintisiz bir g\u00f6r\u00fcn\u00fcm elde edilir.<\/p>\n<p data-start=\"1567\" data-end=\"1726\">Antares modeli \u00f6zellikle modern, minimal ve \u00e7a\u011fda\u015f i\u00e7 mekan tasar\u0131mlar\u0131nda tercih edilir. Dikey hatlar\u0131 mek\u00e2n\u0131n daha y\u00fcksek ve ferah g\u00f6r\u00fcnmesine yard\u0131mc\u0131 olur.<\/p>\n<p data-start=\"1728\" data-end=\"1870\">Salonlardan ofislere, otel lobilerinden resepsiyon alanlar\u0131na kadar bir\u00e7ok farkl\u0131 i\u00e7 mek\u00e2nda dekoratif bir duvar \u00e7\u00f6z\u00fcm\u00fc olarak kullan\u0131labilir.<\/p>\n","protected":false},"featured_media":477,"template":"","meta":[],"product_brand":[],"product_cat":[28],"product_tag":[],"class_list":{"0":"post-409","1":"product","2":"type-product","3":"status-publish","4":"has-post-thumbnail","6":"product_cat-duvar-panelleri","8":"first","9":"instock","10":"shipping-taxable","11":"product-type-simple"},"_links":{"self":[{"href":"https:\/\/tiaparke.com\/index.php\/wp-json\/wp\/v2\/product\/409","targetHints":{"allow":["GET"]}}],"collection":[{"href":"https:\/\/tiaparke.com\/index.php\/wp-json\/wp\/v2\/product"}],"about":[{"href":"https:\/\/tiaparke.com\/index.php\/wp-json\/wp\/v2\/types\/product"}],"wp:featuredmedia":[{"embeddable":true,"href":"https:\/\/tiaparke.com\/index.php\/wp-json\/wp\/v2\/media\/477"}],"wp:attachment":[{"href":"https:\/\/tiaparke.com\/index.php\/wp-json\/wp\/v2\/media?parent=409"}],"wp:term":[{"taxonomy":"product_brand","embeddable":true,"href":"https:\/\/tiaparke.com\/index.php\/wp-json\/wp\/v2\/product_brand?post=409"},{"taxonomy":"product_cat","embeddable":true,"href":"https:\/\/tiaparke.com\/index.php\/wp-json\/wp\/v2\/product_cat?post=409"},{"taxonomy":"product_tag","embeddable":true,"href":"https:\/\/tiaparke.com\/index.php\/wp-json\/wp\/v2\/product_tag?post=409"}],"curies":[{"name":"wp","href":"https:\/\/api.w.org\/{rel}","templated":true}]}}