{"id":403,"date":"2026-03-11T17:46:12","date_gmt":"2026-03-11T17:46:12","guid":{"rendered":"https:\/\/tiaparke.com\/?post_type=product&#038;p=403"},"modified":"2026-03-11T18:54:30","modified_gmt":"2026-03-11T18:54:30","slug":"zemod-linea-duvar-paneli","status":"publish","type":"product","link":"https:\/\/tiaparke.com\/index.php\/urun\/zemod-linea-duvar-paneli\/","title":{"rendered":"Zemod Linea Duvar Paneli"},"content":{"rendered":"","protected":false},"excerpt":{"rendered":"<p data-start=\"1074\" data-end=\"1308\">Zemod Linea duvar paneli, \u00f6zellikle minimalist ve \u0130skandinav tarz\u0131 dekorasyonlar\u0131 seven kullan\u0131c\u0131lar i\u00e7in tasarlanm\u0131\u015f modern bir duvar kaplama \u00e7\u00f6z\u00fcm\u00fcd\u00fcr. Dikey formu sayesinde mek\u00e2nlara estetik bir ritim ve mimari derinlik kazand\u0131r\u0131r.<\/p>\n<p data-start=\"1310\" data-end=\"1556\">12 mm kal\u0131nl\u0131\u011f\u0131 ve 205 mm panel geni\u015fli\u011fi sayesinde duvarda g\u00fc\u00e7l\u00fc ve dengeli bir g\u00f6r\u00fcn\u00fcm olu\u015fturur. 280 cm panel boyu ise standart tavan y\u00fcksekliklerinde kesintisiz bir kaplama sa\u011flayarak uygulama s\u0131ras\u0131nda ek yerlerinin minimuma inmesini sa\u011flar.<\/p>\n<p data-start=\"1558\" data-end=\"1785\">Linea modelinin geni\u015f dikey hatlar\u0131 mek\u00e2n\u0131n daha ferah ve dengeli g\u00f6r\u00fcnmesine yard\u0131mc\u0131 olur. Bu \u00f6zelli\u011fi sayesinde salonlardan otel lobilerine, ofislerden modern ya\u015fam alanlar\u0131na kadar bir\u00e7ok farkl\u0131 mek\u00e2nda tercih edilmektedir.<\/p>\n<p data-start=\"1787\" data-end=\"1922\">Zemod Linea duvar paneli yaln\u0131zca estetik bir dekorasyon \u00fcr\u00fcn\u00fc de\u011fil ayn\u0131 zamanda dayan\u0131kl\u0131 ve uzun \u00f6m\u00fcrl\u00fc bir duvar kaplama \u00e7\u00f6z\u00fcm\u00fcd\u00fcr.<\/p>\n","protected":false},"featured_media":470,"template":"","meta":[],"product_brand":[],"product_cat":[28],"product_tag":[],"class_list":{"0":"post-403","1":"product","2":"type-product","3":"status-publish","4":"has-post-thumbnail","6":"product_cat-duvar-panelleri","8":"first","9":"instock","10":"shipping-taxable","11":"product-type-simple"},"_links":{"self":[{"href":"https:\/\/tiaparke.com\/index.php\/wp-json\/wp\/v2\/product\/403","targetHints":{"allow":["GET"]}}],"collection":[{"href":"https:\/\/tiaparke.com\/index.php\/wp-json\/wp\/v2\/product"}],"about":[{"href":"https:\/\/tiaparke.com\/index.php\/wp-json\/wp\/v2\/types\/product"}],"wp:featuredmedia":[{"embeddable":true,"href":"https:\/\/tiaparke.com\/index.php\/wp-json\/wp\/v2\/media\/470"}],"wp:attachment":[{"href":"https:\/\/tiaparke.com\/index.php\/wp-json\/wp\/v2\/media?parent=403"}],"wp:term":[{"taxonomy":"product_brand","embeddable":true,"href":"https:\/\/tiaparke.com\/index.php\/wp-json\/wp\/v2\/product_brand?post=403"},{"taxonomy":"product_cat","embeddable":true,"href":"https:\/\/tiaparke.com\/index.php\/wp-json\/wp\/v2\/product_cat?post=403"},{"taxonomy":"product_tag","embeddable":true,"href":"https:\/\/tiaparke.com\/index.php\/wp-json\/wp\/v2\/product_tag?post=403"}],"curies":[{"name":"wp","href":"https:\/\/api.w.org\/{rel}","templated":true}]}}