{"id":399,"date":"2026-03-11T17:27:55","date_gmt":"2026-03-11T17:27:55","guid":{"rendered":"https:\/\/tiaparke.com\/?post_type=product&#038;p=399"},"modified":"2026-03-14T12:20:15","modified_gmt":"2026-03-14T12:20:15","slug":"8-cm-sarayli-lake-beyaz-supurgelik","status":"publish","type":"product","link":"https:\/\/tiaparke.com\/index.php\/urun\/8-cm-sarayli-lake-beyaz-supurgelik\/","title":{"rendered":"12 mm \/ 8 cm Sarayl\u0131 Lake Beyaz S\u00fcp\u00fcrgelik"},"content":{"rendered":"","protected":false},"excerpt":{"rendered":"<p data-start=\"1149\" data-end=\"1365\">8 cm Sarayl\u0131 lake beyaz s\u00fcp\u00fcrgelik modeli duvar ile zemin birle\u015fim noktalar\u0131n\u0131 estetik \u015fekilde kapatmak i\u00e7in tasarlanm\u0131\u015ft\u0131r. Parlak beyaz lake y\u00fczeyi sayesinde ya\u015fam alanlar\u0131nda ferah ve modern bir g\u00f6r\u00fcn\u00fcm olu\u015fturur.<\/p>\n<p data-start=\"1367\" data-end=\"1581\">Dayan\u0131kl\u0131 PVC yap\u0131s\u0131 sayesinde uzun \u00f6m\u00fcrl\u00fc kullan\u0131m sunan bu s\u00fcp\u00fcrgelik modeli laminat parke ve lamine parke uygulamalar\u0131nda dekoratif bir tamamlay\u0131c\u0131d\u0131r. Zemin ile duvar aras\u0131nda temiz ve d\u00fczenli bir biti\u015f sa\u011flar.<\/p>\n<p data-start=\"1583\" data-end=\"1802\">8 cm y\u00fcksekli\u011fe sahip Sarayl\u0131 lake beyaz s\u00fcp\u00fcrgelik modeli modern ve klasik i\u00e7 mek\u00e2n tasar\u0131mlar\u0131na kolayca uyum sa\u011flar. Minimal dekorasyonlardan klasik tasar\u0131mlara kadar bir\u00e7ok farkl\u0131 dekorasyon tarz\u0131nda kullan\u0131labilir.<\/p>\n<p data-start=\"1804\" data-end=\"1951\">Salon, oturma odas\u0131, yatak odas\u0131 ve ofis gibi farkl\u0131 ya\u015fam alanlar\u0131nda kullan\u0131lan bu s\u00fcp\u00fcrgelik modeli hem estetik hem de koruyucu bir \u00e7\u00f6z\u00fcm sunar.<\/p>\n","protected":false},"featured_media":400,"template":"","meta":[],"product_brand":[20],"product_cat":[27],"product_tag":[],"class_list":{"0":"post-399","1":"product","2":"type-product","3":"status-publish","4":"has-post-thumbnail","6":"product_brand-bellafloor","7":"product_cat-supurgelik","9":"first","10":"instock","11":"shipping-taxable","12":"product-type-simple"},"_links":{"self":[{"href":"https:\/\/tiaparke.com\/index.php\/wp-json\/wp\/v2\/product\/399","targetHints":{"allow":["GET"]}}],"collection":[{"href":"https:\/\/tiaparke.com\/index.php\/wp-json\/wp\/v2\/product"}],"about":[{"href":"https:\/\/tiaparke.com\/index.php\/wp-json\/wp\/v2\/types\/product"}],"wp:featuredmedia":[{"embeddable":true,"href":"https:\/\/tiaparke.com\/index.php\/wp-json\/wp\/v2\/media\/400"}],"wp:attachment":[{"href":"https:\/\/tiaparke.com\/index.php\/wp-json\/wp\/v2\/media?parent=399"}],"wp:term":[{"taxonomy":"product_brand","embeddable":true,"href":"https:\/\/tiaparke.com\/index.php\/wp-json\/wp\/v2\/product_brand?post=399"},{"taxonomy":"product_cat","embeddable":true,"href":"https:\/\/tiaparke.com\/index.php\/wp-json\/wp\/v2\/product_cat?post=399"},{"taxonomy":"product_tag","embeddable":true,"href":"https:\/\/tiaparke.com\/index.php\/wp-json\/wp\/v2\/product_tag?post=399"}],"curies":[{"name":"wp","href":"https:\/\/api.w.org\/{rel}","templated":true}]}}