{"id":395,"date":"2026-03-11T16:28:55","date_gmt":"2026-03-11T16:28:55","guid":{"rendered":"https:\/\/tiaparke.com\/?post_type=product&#038;p=395"},"modified":"2026-03-11T16:28:55","modified_gmt":"2026-03-11T16:28:55","slug":"8-cm-rumeli-lake-beyaz-supurgelik","status":"publish","type":"product","link":"https:\/\/tiaparke.com\/index.php\/urun\/8-cm-rumeli-lake-beyaz-supurgelik\/","title":{"rendered":"8 cm Rumeli Lake Beyaz S\u00fcp\u00fcrgelik"},"content":{"rendered":"","protected":false},"excerpt":{"rendered":"<p data-start=\"1121\" data-end=\"1348\">8 cm Rumeli lake beyaz s\u00fcp\u00fcrgelik modeli duvar ile zemin birle\u015fim noktalar\u0131n\u0131 estetik \u015fekilde kapatmak i\u00e7in tasarlanm\u0131\u015ft\u0131r. Parlak beyaz lake y\u00fczeyi sayesinde ya\u015fam alanlar\u0131nda temiz ve modern bir dekorasyon g\u00f6r\u00fcn\u00fcm\u00fc olu\u015fturur.<\/p>\n<p data-start=\"1350\" data-end=\"1537\">Dayan\u0131kl\u0131 PVC yap\u0131s\u0131 sayesinde bu s\u00fcp\u00fcrgelik modeli uzun \u00f6m\u00fcrl\u00fc kullan\u0131m sunar. Laminat parke ve lamine parke uygulamalar\u0131nda zemin ile duvar aras\u0131nda d\u00fczenli ve estetik bir biti\u015f sa\u011flar.<\/p>\n<p data-start=\"1539\" data-end=\"1745\">8 cm y\u00fcksekli\u011fe sahip olan Rumeli lake beyaz s\u00fcp\u00fcrgelik modeli modern i\u00e7 mek\u00e2n tasar\u0131mlar\u0131na uyum sa\u011flayan dekoratif bir tamamlay\u0131c\u0131d\u0131r. Minimal, klasik ve modern dekorasyon tarzlar\u0131nda s\u0131k\u00e7a tercih edilir.<\/p>\n<p data-start=\"1747\" data-end=\"1894\">Salon, oturma odas\u0131, yatak odas\u0131 ve ofis gibi bir\u00e7ok ya\u015fam alan\u0131nda kullan\u0131labilen bu s\u00fcp\u00fcrgelik modeli hem dekoratif hem de koruyucu bir \u00e7\u00f6z\u00fcmd\u00fcr.<\/p>\n","protected":false},"featured_media":396,"template":"","meta":[],"product_brand":[20],"product_cat":[27],"product_tag":[],"class_list":{"0":"post-395","1":"product","2":"type-product","3":"status-publish","4":"has-post-thumbnail","6":"product_brand-bellafloor","7":"product_cat-supurgelik","9":"first","10":"instock","11":"shipping-taxable","12":"product-type-simple"},"_links":{"self":[{"href":"https:\/\/tiaparke.com\/index.php\/wp-json\/wp\/v2\/product\/395","targetHints":{"allow":["GET"]}}],"collection":[{"href":"https:\/\/tiaparke.com\/index.php\/wp-json\/wp\/v2\/product"}],"about":[{"href":"https:\/\/tiaparke.com\/index.php\/wp-json\/wp\/v2\/types\/product"}],"wp:featuredmedia":[{"embeddable":true,"href":"https:\/\/tiaparke.com\/index.php\/wp-json\/wp\/v2\/media\/396"}],"wp:attachment":[{"href":"https:\/\/tiaparke.com\/index.php\/wp-json\/wp\/v2\/media?parent=395"}],"wp:term":[{"taxonomy":"product_brand","embeddable":true,"href":"https:\/\/tiaparke.com\/index.php\/wp-json\/wp\/v2\/product_brand?post=395"},{"taxonomy":"product_cat","embeddable":true,"href":"https:\/\/tiaparke.com\/index.php\/wp-json\/wp\/v2\/product_cat?post=395"},{"taxonomy":"product_tag","embeddable":true,"href":"https:\/\/tiaparke.com\/index.php\/wp-json\/wp\/v2\/product_tag?post=395"}],"curies":[{"name":"wp","href":"https:\/\/api.w.org\/{rel}","templated":true}]}}