{"id":387,"date":"2026-03-11T16:14:40","date_gmt":"2026-03-11T16:14:40","guid":{"rendered":"https:\/\/tiaparke.com\/?post_type=product&#038;p=387"},"modified":"2026-03-11T16:14:40","modified_gmt":"2026-03-11T16:14:40","slug":"8-cm-defne-soft-touch-siyah-supurgelik","status":"publish","type":"product","link":"https:\/\/tiaparke.com\/index.php\/urun\/8-cm-defne-soft-touch-siyah-supurgelik\/","title":{"rendered":"8 cm Defne Soft Touch Siyah S\u00fcp\u00fcrgelik"},"content":{"rendered":"","protected":false},"excerpt":{"rendered":"<p data-start=\"1256\" data-end=\"1477\">8 cm Defne Soft Touch siyah s\u00fcp\u00fcrgelik modeli duvar ile zemin birle\u015fim noktalar\u0131n\u0131 estetik \u015fekilde kapatmak i\u00e7in tasarlanm\u0131\u015ft\u0131r. Modern siyah rengi sayesinde ya\u015fam alanlar\u0131nda g\u00fc\u00e7l\u00fc ve \u015f\u0131k bir dekorasyon etkisi olu\u015fturur.<\/p>\n<p data-start=\"1479\" data-end=\"1651\">Soft touch y\u00fczey kaplamas\u0131 sayesinde s\u00fcp\u00fcrgelik y\u00fczeyi mat ve kadifemsi bir dokuya sahiptir. Bu \u00f6zel kaplama \u00fcr\u00fcne hem estetik hem de kaliteli bir dokunu\u015f hissi kazand\u0131r\u0131r.<\/p>\n<p data-start=\"1653\" data-end=\"1848\">8 cm y\u00fcksekli\u011fe sahip olan Defne Soft Touch siyah s\u00fcp\u00fcrgelik modeli laminat parke ve lamine parke uygulamalar\u0131nda dekoratif bir tamamlay\u0131c\u0131d\u0131r. Duvar diplerinde temiz ve d\u00fczenli bir biti\u015f sa\u011flar.<\/p>\n<p data-start=\"1850\" data-end=\"2012\">Salon, oturma odas\u0131, yatak odas\u0131 ve ofis gibi bir\u00e7ok ya\u015fam alan\u0131nda kullan\u0131labilen bu s\u00fcp\u00fcrgelik modeli modern ve end\u00fcstriyel dekorasyon tarzlar\u0131 ile uyum sa\u011flar.<\/p>\n","protected":false},"featured_media":388,"template":"","meta":[],"product_brand":[20],"product_cat":[27],"product_tag":[],"class_list":{"0":"post-387","1":"product","2":"type-product","3":"status-publish","4":"has-post-thumbnail","6":"product_brand-bellafloor","7":"product_cat-supurgelik","9":"first","10":"instock","11":"shipping-taxable","12":"product-type-simple"},"_links":{"self":[{"href":"https:\/\/tiaparke.com\/index.php\/wp-json\/wp\/v2\/product\/387","targetHints":{"allow":["GET"]}}],"collection":[{"href":"https:\/\/tiaparke.com\/index.php\/wp-json\/wp\/v2\/product"}],"about":[{"href":"https:\/\/tiaparke.com\/index.php\/wp-json\/wp\/v2\/types\/product"}],"wp:featuredmedia":[{"embeddable":true,"href":"https:\/\/tiaparke.com\/index.php\/wp-json\/wp\/v2\/media\/388"}],"wp:attachment":[{"href":"https:\/\/tiaparke.com\/index.php\/wp-json\/wp\/v2\/media?parent=387"}],"wp:term":[{"taxonomy":"product_brand","embeddable":true,"href":"https:\/\/tiaparke.com\/index.php\/wp-json\/wp\/v2\/product_brand?post=387"},{"taxonomy":"product_cat","embeddable":true,"href":"https:\/\/tiaparke.com\/index.php\/wp-json\/wp\/v2\/product_cat?post=387"},{"taxonomy":"product_tag","embeddable":true,"href":"https:\/\/tiaparke.com\/index.php\/wp-json\/wp\/v2\/product_tag?post=387"}],"curies":[{"name":"wp","href":"https:\/\/api.w.org\/{rel}","templated":true}]}}