{"id":275,"date":"2026-03-09T15:10:31","date_gmt":"2026-03-09T15:10:31","guid":{"rendered":"https:\/\/tiaparke.com\/?post_type=product&#038;p=275"},"modified":"2026-03-09T15:10:31","modified_gmt":"2026-03-09T15:10:31","slug":"monument-oak-laminat-parke","status":"publish","type":"product","link":"https:\/\/tiaparke.com\/index.php\/urun\/monument-oak-laminat-parke\/","title":{"rendered":"Monument Oak Laminat Parke"},"content":{"rendered":"","protected":false},"excerpt":{"rendered":"<p data-start=\"1074\" data-end=\"1328\">Monument Oak laminat parke modeli do\u011fal me\u015fe a\u011fac\u0131n\u0131n s\u0131cak tonlar\u0131ndan ilham alan y\u00fczey tasar\u0131m\u0131 ile ya\u015fam alanlar\u0131nda estetik ve do\u011fal bir g\u00f6r\u00fcn\u00fcm olu\u015fturur. Ah\u015fap damar detaylar\u0131n\u0131n belirgin oldu\u011fu y\u00fczeyi sayesinde zeminlerde ger\u00e7ek ah\u015fap hissi sunar.<\/p>\n<p data-start=\"1330\" data-end=\"1548\">Do\u011fal me\u015fe g\u00f6r\u00fcn\u00fcml\u00fc yap\u0131s\u0131 sayesinde bu laminat parke modeli modern ve klasik dekorasyon tarzlar\u0131 ile uyum sa\u011flar. A\u00e7\u0131k ve do\u011fal tonlar\u0131 mek\u00e2nlarda ferah bir atmosfer olu\u015ftururken ayn\u0131 zamanda s\u0131cak bir ortam yarat\u0131r.<\/p>\n<p data-start=\"1550\" data-end=\"1765\">Monument Oak laminat parke modeli salon, oturma odas\u0131, yatak odas\u0131 ve ofis gibi bir\u00e7ok ya\u015fam alan\u0131nda kullan\u0131labilir. Dayan\u0131kl\u0131 y\u00fczey yap\u0131s\u0131 sayesinde g\u00fcnl\u00fck kullan\u0131ma uygundur ve uzun s\u00fcre estetik g\u00f6r\u00fcn\u00fcm\u00fcn\u00fc korur.<\/p>\n<p data-start=\"1767\" data-end=\"1972\">Kolay montaj sistemi sayesinde h\u0131zl\u0131 \u015fekilde uygulanabilen bu laminat parke modeli pratik kullan\u0131m avantaj\u0131 sunar. Do\u011fal ah\u015fap dokulu y\u00fczeyi sayesinde mekanlarda \u015f\u0131k ve modern bir zemin g\u00f6r\u00fcn\u00fcm\u00fc olu\u015fturur.<\/p>\n<p data-start=\"1974\" data-end=\"2093\">Monument Oak modeli <strong data-start=\"1994\" data-end=\"2093\">do\u011fal me\u015fe g\u00f6r\u00fcn\u00fcml\u00fc laminat parke modelleri aras\u0131nda estetik ve dayan\u0131kl\u0131 bir zemin \u00e7\u00f6z\u00fcm\u00fcd\u00fcr.<\/strong><\/p>\n","protected":false},"featured_media":276,"template":"","meta":[],"product_brand":[20],"product_cat":[26],"product_tag":[],"class_list":{"0":"post-275","1":"product","2":"type-product","3":"status-publish","4":"has-post-thumbnail","6":"product_brand-bellafloor","7":"product_cat-laminat-parkeler","9":"first","10":"instock","11":"shipping-taxable","12":"product-type-simple"},"_links":{"self":[{"href":"https:\/\/tiaparke.com\/index.php\/wp-json\/wp\/v2\/product\/275","targetHints":{"allow":["GET"]}}],"collection":[{"href":"https:\/\/tiaparke.com\/index.php\/wp-json\/wp\/v2\/product"}],"about":[{"href":"https:\/\/tiaparke.com\/index.php\/wp-json\/wp\/v2\/types\/product"}],"wp:featuredmedia":[{"embeddable":true,"href":"https:\/\/tiaparke.com\/index.php\/wp-json\/wp\/v2\/media\/276"}],"wp:attachment":[{"href":"https:\/\/tiaparke.com\/index.php\/wp-json\/wp\/v2\/media?parent=275"}],"wp:term":[{"taxonomy":"product_brand","embeddable":true,"href":"https:\/\/tiaparke.com\/index.php\/wp-json\/wp\/v2\/product_brand?post=275"},{"taxonomy":"product_cat","embeddable":true,"href":"https:\/\/tiaparke.com\/index.php\/wp-json\/wp\/v2\/product_cat?post=275"},{"taxonomy":"product_tag","embeddable":true,"href":"https:\/\/tiaparke.com\/index.php\/wp-json\/wp\/v2\/product_tag?post=275"}],"curies":[{"name":"wp","href":"https:\/\/api.w.org\/{rel}","templated":true}]}}