{"id":247,"date":"2026-03-09T13:39:11","date_gmt":"2026-03-09T13:39:11","guid":{"rendered":"https:\/\/tiaparke.com\/?post_type=product&#038;p=247"},"modified":"2026-03-09T13:39:11","modified_gmt":"2026-03-09T13:39:11","slug":"oak-xl-modul-knotty-lamine-parke","status":"publish","type":"product","link":"https:\/\/tiaparke.com\/index.php\/urun\/oak-xl-modul-knotty-lamine-parke\/","title":{"rendered":"Oak XL Modul Knotty Lamine Parke"},"content":{"rendered":"","protected":false},"excerpt":{"rendered":"<p data-start=\"1065\" data-end=\"1336\">Oak XL Modul Knotty lamine parke modeli do\u011fal me\u015fe a\u011fac\u0131n\u0131n karakteristik budakl\u0131 dokusundan ilham alan y\u00fczey tasar\u0131m\u0131 ile ya\u015fam alanlar\u0131nda do\u011fal ve estetik bir zemin g\u00f6r\u00fcn\u00fcm\u00fc olu\u015fturur. Geni\u015f plank tasar\u0131m\u0131 sayesinde mekanlarda daha ferah ve modern bir atmosfer sa\u011flar.<\/p>\n<p data-start=\"1338\" data-end=\"1616\">Budakl\u0131 me\u015fe g\u00f6r\u00fcn\u00fcml\u00fc y\u00fczeyi sayesinde bu parke modeli do\u011fal ah\u015fap karakterini mek\u00e2nlara yans\u0131t\u0131r. Ah\u015fap damar detaylar\u0131 ve do\u011fal budak izleri zeminde rustik ve otantik bir g\u00f6r\u00fcn\u00fcm olu\u015fturur. Bu \u00f6zellikleri sayesinde modern, rustik ve do\u011fal dekorasyon tarzlar\u0131 ile uyum sa\u011flar.<\/p>\n<p data-start=\"1618\" data-end=\"1848\">Oak XL Modul Knotty lamine parke modeli salon, oturma odas\u0131, yatak odas\u0131 ve ofis gibi bir\u00e7ok ya\u015fam alan\u0131nda kullan\u0131labilir. Dayan\u0131kl\u0131 y\u00fczey yap\u0131s\u0131 sayesinde yo\u011fun kullan\u0131ma uygundur ve uzun y\u0131llar boyunca estetik g\u00f6r\u00fcn\u00fcm\u00fcn\u00fc korur.<\/p>\n<p data-start=\"1850\" data-end=\"2097\">Lamine parke modelleri aras\u0131nda yer alan bu \u00fcr\u00fcn \u00e7izilmelere kar\u015f\u0131 dayan\u0131kl\u0131 y\u00fczeyi ve kolay temizlenebilir yap\u0131s\u0131 sayesinde g\u00fcnl\u00fck kullan\u0131m i\u00e7in olduk\u00e7a uygundur. Do\u011fal ah\u015fap g\u00f6r\u00fcn\u00fcml\u00fc y\u00fczeyi ile mekanlara s\u0131cak ve samimi bir atmosfer kazand\u0131r\u0131r.<\/p>\n<p data-start=\"2099\" data-end=\"2235\">Oak XL Modul Knotty modeli <strong data-start=\"2126\" data-end=\"2235\">budakl\u0131 me\u015fe g\u00f6r\u00fcn\u00fcml\u00fc lamine parke modelleri aras\u0131nda yer alan estetik ve dayan\u0131kl\u0131 bir zemin \u00e7\u00f6z\u00fcm\u00fcd\u00fcr.<\/strong><\/p>\n","protected":false},"featured_media":248,"template":"","meta":[],"product_brand":[20],"product_cat":[25],"product_tag":[],"class_list":{"0":"post-247","1":"product","2":"type-product","3":"status-publish","4":"has-post-thumbnail","6":"product_brand-bellafloor","7":"product_cat-lamine-parkeler","9":"first","10":"instock","11":"shipping-taxable","12":"product-type-simple"},"_links":{"self":[{"href":"https:\/\/tiaparke.com\/index.php\/wp-json\/wp\/v2\/product\/247","targetHints":{"allow":["GET"]}}],"collection":[{"href":"https:\/\/tiaparke.com\/index.php\/wp-json\/wp\/v2\/product"}],"about":[{"href":"https:\/\/tiaparke.com\/index.php\/wp-json\/wp\/v2\/types\/product"}],"wp:featuredmedia":[{"embeddable":true,"href":"https:\/\/tiaparke.com\/index.php\/wp-json\/wp\/v2\/media\/248"}],"wp:attachment":[{"href":"https:\/\/tiaparke.com\/index.php\/wp-json\/wp\/v2\/media?parent=247"}],"wp:term":[{"taxonomy":"product_brand","embeddable":true,"href":"https:\/\/tiaparke.com\/index.php\/wp-json\/wp\/v2\/product_brand?post=247"},{"taxonomy":"product_cat","embeddable":true,"href":"https:\/\/tiaparke.com\/index.php\/wp-json\/wp\/v2\/product_cat?post=247"},{"taxonomy":"product_tag","embeddable":true,"href":"https:\/\/tiaparke.com\/index.php\/wp-json\/wp\/v2\/product_tag?post=247"}],"curies":[{"name":"wp","href":"https:\/\/api.w.org\/{rel}","templated":true}]}}