{"id":200,"date":"2026-03-09T12:19:18","date_gmt":"2026-03-09T12:19:18","guid":{"rendered":"https:\/\/tiaparke.com\/?post_type=product&#038;p=200"},"modified":"2026-03-09T12:19:19","modified_gmt":"2026-03-09T12:19:19","slug":"fenny-lamine-parke","status":"publish","type":"product","link":"https:\/\/tiaparke.com\/index.php\/urun\/fenny-lamine-parke\/","title":{"rendered":"Fenny Lamine Parke"},"content":{"rendered":"","protected":false},"excerpt":{"rendered":"<p data-start=\"1147\" data-end=\"1516\">Fenny lamine parke modeli ah\u015fap dokusu ile mermer g\u00f6r\u00fcn\u00fcml\u00fc y\u00fczey detaylar\u0131n\u0131 bir araya getiren dekoratif tasar\u0131m\u0131 ile dikkat \u00e7eken \u00f6zel tasar\u0131m lamine parke modelleri aras\u0131nda yer almaktad\u0131r. Modern i\u00e7 mekan dekorasyonlar\u0131nda estetik ve farkl\u0131 bir zemin g\u00f6r\u00fcn\u00fcm\u00fc olu\u015fturmak isteyen kullan\u0131c\u0131lar i\u00e7in tasarlanan bu model, ya\u015fam alanlar\u0131nda \u00f6zg\u00fcn bir atmosfer olu\u015fturur.<\/p>\n<p data-start=\"1518\" data-end=\"1783\">Ah\u015fap panel tasar\u0131m\u0131 ile mermer desenli y\u00fczey detaylar\u0131n\u0131n birle\u015fimi sayesinde Fenny parke modeli mekanlarda g\u00fc\u00e7l\u00fc bir dekoratif etki yarat\u0131r. Bu tasar\u0131m \u00f6zellikle modern, klasik ve l\u00fcks dekorasyon projelerinde tercih edilen zemin \u00e7\u00f6z\u00fcmleri aras\u0131nda yer almaktad\u0131r.<\/p>\n<p data-start=\"1785\" data-end=\"2076\">\u00d6zel tasar\u0131m parke kategorisinde yer alan Fenny lamine parke modeli salon, oturma odas\u0131, yatak odas\u0131 ve ofis gibi bir\u00e7ok ya\u015fam alan\u0131nda kullan\u0131labilir. Dekoratif y\u00fczey tasar\u0131m\u0131 sayesinde mekanlara estetik bir de\u011fer kazand\u0131r\u0131rken ayn\u0131 zamanda dayan\u0131kl\u0131 yap\u0131s\u0131 ile uzun \u00f6m\u00fcrl\u00fc kullan\u0131m sa\u011flar.<\/p>\n<p data-start=\"2078\" data-end=\"2408\">Lamine parke modelleri aras\u0131nda estetik ve fonksiyonelli\u011fi bir araya getiren Fenny parke modeli \u00e7izilmelere kar\u015f\u0131 dayan\u0131kl\u0131 y\u00fczeyi ve kolay temizlenebilir yap\u0131s\u0131 ile g\u00fcnl\u00fck kullan\u0131m i\u00e7in olduk\u00e7a uygundur. Modern \u00fcretim teknolojisi ile \u00fcretilen lamine parkeler hem pratik kullan\u0131m hem de dekoratif g\u00f6r\u00fcn\u00fcm a\u00e7\u0131s\u0131ndan avantaj sa\u011flar.<\/p>\n<p data-start=\"2410\" data-end=\"2603\">Fenny modeli <strong data-start=\"2423\" data-end=\"2513\">\u00f6zel tasar\u0131m lamine parke kategorisinde yer alan dekoratif parke modellerinden biridir<\/strong> ve \u00f6zellikle farkl\u0131 zemin tasar\u0131mlar\u0131 arayan kullan\u0131c\u0131lar i\u00e7in estetik bir se\u00e7enek sunar.<\/p>\n","protected":false},"featured_media":201,"template":"","meta":[],"product_brand":[20],"product_cat":[22],"product_tag":[],"class_list":{"0":"post-200","1":"product","2":"type-product","3":"status-publish","4":"has-post-thumbnail","6":"product_brand-bellafloor","7":"product_cat-ozel-tasarim-parkeler","9":"first","10":"instock","11":"shipping-taxable","12":"product-type-simple"},"_links":{"self":[{"href":"https:\/\/tiaparke.com\/index.php\/wp-json\/wp\/v2\/product\/200","targetHints":{"allow":["GET"]}}],"collection":[{"href":"https:\/\/tiaparke.com\/index.php\/wp-json\/wp\/v2\/product"}],"about":[{"href":"https:\/\/tiaparke.com\/index.php\/wp-json\/wp\/v2\/types\/product"}],"wp:featuredmedia":[{"embeddable":true,"href":"https:\/\/tiaparke.com\/index.php\/wp-json\/wp\/v2\/media\/201"}],"wp:attachment":[{"href":"https:\/\/tiaparke.com\/index.php\/wp-json\/wp\/v2\/media?parent=200"}],"wp:term":[{"taxonomy":"product_brand","embeddable":true,"href":"https:\/\/tiaparke.com\/index.php\/wp-json\/wp\/v2\/product_brand?post=200"},{"taxonomy":"product_cat","embeddable":true,"href":"https:\/\/tiaparke.com\/index.php\/wp-json\/wp\/v2\/product_cat?post=200"},{"taxonomy":"product_tag","embeddable":true,"href":"https:\/\/tiaparke.com\/index.php\/wp-json\/wp\/v2\/product_tag?post=200"}],"curies":[{"name":"wp","href":"https:\/\/api.w.org\/{rel}","templated":true}]}}