{"id":196,"date":"2026-03-09T12:10:38","date_gmt":"2026-03-09T12:10:38","guid":{"rendered":"https:\/\/tiaparke.com\/?post_type=product&#038;p=196"},"modified":"2026-03-09T12:10:38","modified_gmt":"2026-03-09T12:10:38","slug":"daisy-lamine-parke-modeli","status":"publish","type":"product","link":"https:\/\/tiaparke.com\/index.php\/urun\/daisy-lamine-parke-modeli\/","title":{"rendered":"Daisy Lamine Parke Modeli"},"content":{"rendered":"","protected":false},"excerpt":{"rendered":"<p data-start=\"1059\" data-end=\"1347\">Daisy lamine parke modeli \u00e7i\u00e7ek motifli dekoratif y\u00fczey tasar\u0131m\u0131 ile dikkat \u00e7eken \u00f6zel tasar\u0131m lamine parke modelleri aras\u0131nda yer almaktad\u0131r. Do\u011fal ah\u015fap dokusu ile estetik desen detaylar\u0131n\u0131n birle\u015fti\u011fi bu parke modeli ya\u015fam alanlar\u0131nda \u015f\u0131k ve karakteristik bir zemin g\u00f6r\u00fcn\u00fcm\u00fc olu\u015fturur.<\/p>\n<p data-start=\"1349\" data-end=\"1694\">\u00c7i\u00e7ek motifli tasar\u0131m detaylar\u0131 zeminde dekoratif bir desen olu\u015fturarak i\u00e7 mekan dekorasyonunun dikkat \u00e7ekici bir par\u00e7as\u0131 haline gelir. Bu lamine parke modeli \u00f6zellikle dekoratif zemin tasar\u0131mlar\u0131n\u0131 tercih eden kullan\u0131c\u0131lar i\u00e7in tasarlanm\u0131\u015ft\u0131r. Daisy parke modeli modern, klasik ve rustik dekorasyon tarzlar\u0131nda estetik bir zemin tasar\u0131m\u0131 sunar.<\/p>\n<p data-start=\"1696\" data-end=\"1987\">\u00d6zel tasar\u0131m parke kategorisinde yer alan Daisy lamine parke modeli salon, oturma odas\u0131, yatak odas\u0131 ve ofis gibi bir\u00e7ok ya\u015fam alan\u0131nda kullan\u0131labilir. Dekoratif y\u00fczey tasar\u0131m\u0131 sayesinde mekanlara estetik bir de\u011fer kazand\u0131r\u0131rken ayn\u0131 zamanda dayan\u0131kl\u0131 yap\u0131s\u0131 ile uzun \u00f6m\u00fcrl\u00fc kullan\u0131m sa\u011flar.<\/p>\n<p data-start=\"1989\" data-end=\"2317\">Lamine parke modelleri aras\u0131nda estetik ve dayan\u0131kl\u0131l\u0131\u011f\u0131 bir araya getiren Daisy parke modeli \u00e7izilmelere kar\u015f\u0131 dayan\u0131kl\u0131 y\u00fczeyi ve kolay temizlenebilir yap\u0131s\u0131 ile g\u00fcnl\u00fck kullan\u0131m i\u00e7in olduk\u00e7a uygundur. Modern \u00fcretim teknolojisi ile \u00fcretilen lamine parkeler hem pratik kullan\u0131m hem de dekoratif g\u00f6r\u00fcn\u00fcm a\u00e7\u0131s\u0131ndan avantaj sa\u011flar.<\/p>\n<p data-start=\"2319\" data-end=\"2513\">Daisy modeli <strong data-start=\"2332\" data-end=\"2422\">\u00f6zel tasar\u0131m lamine parke kategorisinde yer alan dekoratif parke modellerinden biridir<\/strong> ve \u00f6zellikle desenli zemin tasar\u0131mlar\u0131 arayan kullan\u0131c\u0131lar i\u00e7in estetik bir se\u00e7enek sunar.<\/p>\n","protected":false},"featured_media":197,"template":"","meta":[],"product_brand":[20],"product_cat":[22],"product_tag":[],"class_list":{"0":"post-196","1":"product","2":"type-product","3":"status-publish","4":"has-post-thumbnail","6":"product_brand-bellafloor","7":"product_cat-ozel-tasarim-parkeler","9":"first","10":"instock","11":"shipping-taxable","12":"product-type-simple"},"_links":{"self":[{"href":"https:\/\/tiaparke.com\/index.php\/wp-json\/wp\/v2\/product\/196","targetHints":{"allow":["GET"]}}],"collection":[{"href":"https:\/\/tiaparke.com\/index.php\/wp-json\/wp\/v2\/product"}],"about":[{"href":"https:\/\/tiaparke.com\/index.php\/wp-json\/wp\/v2\/types\/product"}],"wp:featuredmedia":[{"embeddable":true,"href":"https:\/\/tiaparke.com\/index.php\/wp-json\/wp\/v2\/media\/197"}],"wp:attachment":[{"href":"https:\/\/tiaparke.com\/index.php\/wp-json\/wp\/v2\/media?parent=196"}],"wp:term":[{"taxonomy":"product_brand","embeddable":true,"href":"https:\/\/tiaparke.com\/index.php\/wp-json\/wp\/v2\/product_brand?post=196"},{"taxonomy":"product_cat","embeddable":true,"href":"https:\/\/tiaparke.com\/index.php\/wp-json\/wp\/v2\/product_cat?post=196"},{"taxonomy":"product_tag","embeddable":true,"href":"https:\/\/tiaparke.com\/index.php\/wp-json\/wp\/v2\/product_tag?post=196"}],"curies":[{"name":"wp","href":"https:\/\/api.w.org\/{rel}","templated":true}]}}