{"id":194,"date":"2026-03-09T12:04:11","date_gmt":"2026-03-09T12:04:11","guid":{"rendered":"https:\/\/tiaparke.com\/?post_type=product&#038;p=194"},"modified":"2026-03-09T12:05:32","modified_gmt":"2026-03-09T12:05:32","slug":"culebra-iznik-lamine-parke-modeli","status":"publish","type":"product","link":"https:\/\/tiaparke.com\/index.php\/urun\/culebra-iznik-lamine-parke-modeli\/","title":{"rendered":"Culebra \u0130znik Lamine Parke Modeli"},"content":{"rendered":"","protected":false},"excerpt":{"rendered":"<p data-start=\"1120\" data-end=\"1482\">Culebra \u0130znik lamine parke modeli \u0130znik \u00e7ini motiflerinden ilham al\u0131narak tasarlanm\u0131\u015f dekoratif y\u00fczeyi ile dikkat \u00e7eken \u00f6zel tasar\u0131m lamine parke modelleri aras\u0131nda yer almaktad\u0131r. Geleneksel \u00e7ini sanat\u0131n\u0131n estetik desenlerini modern zemin kaplama teknolojisi ile birle\u015ftiren bu parke modeli ya\u015fam alanlar\u0131nda \u00f6zg\u00fcn ve dikkat \u00e7ekici bir zemin g\u00f6r\u00fcn\u00fcm\u00fc olu\u015fturur.<\/p>\n<p data-start=\"1484\" data-end=\"1817\">Do\u011fal ah\u015fap dokusu ile beyaz zemin \u00fczerinde yer alan \u0130znik motifleri mekanlarda zarif bir kontrast olu\u015fturur. Bu tasar\u0131m \u00f6zellikle dekoratif i\u00e7 mekan projelerinde tercih edilen desenli parke modelleri aras\u0131nda yer almaktad\u0131r. Culebra \u0130znik parke modeli klasik motifleri modern ya\u015fam alanlar\u0131na ta\u015f\u0131yan estetik bir zemin \u00e7\u00f6z\u00fcm\u00fc sunar.<\/p>\n<p data-start=\"1819\" data-end=\"2112\">\u00d6zel tasar\u0131m parke kategorisinde yer alan Culebra \u0130znik lamine parke modeli salon, oturma odas\u0131, yatak odas\u0131 ve ofis gibi bir\u00e7ok ya\u015fam alan\u0131nda kullan\u0131labilir. Dekoratif tasar\u0131m\u0131 sayesinde mekanlara estetik bir de\u011fer kazand\u0131r\u0131rken ayn\u0131 zamanda dayan\u0131kl\u0131 yap\u0131s\u0131 ile uzun \u00f6m\u00fcrl\u00fc kullan\u0131m sa\u011flar.<\/p>\n<p data-start=\"2114\" data-end=\"2452\">Lamine parke modelleri aras\u0131nda estetik ve fonksiyonelli\u011fi bir araya getiren Culebra \u0130znik parke modeli \u00e7izilmelere kar\u015f\u0131 dayan\u0131kl\u0131 y\u00fczeyi ve kolay temizlenebilir yap\u0131s\u0131 ile g\u00fcnl\u00fck kullan\u0131m i\u00e7in olduk\u00e7a uygundur. Modern \u00fcretim teknolojisi ile \u00fcretilen lamine parkeler hem pratik kullan\u0131m hem de dekoratif g\u00f6r\u00fcn\u00fcm a\u00e7\u0131s\u0131ndan avantaj sa\u011flar.<\/p>\n<p data-start=\"2454\" data-end=\"2656\">Culebra \u0130znik modeli <strong data-start=\"2475\" data-end=\"2565\">\u00f6zel tasar\u0131m lamine parke kategorisinde yer alan dekoratif parke modellerinden biridir<\/strong> ve \u00f6zellikle desenli zemin tasar\u0131mlar\u0131 arayan kullan\u0131c\u0131lar i\u00e7in estetik bir se\u00e7enek sunar.<\/p>\n","protected":false},"featured_media":195,"template":"","meta":[],"product_brand":[20],"product_cat":[22],"product_tag":[],"class_list":{"0":"post-194","1":"product","2":"type-product","3":"status-publish","4":"has-post-thumbnail","6":"product_brand-bellafloor","7":"product_cat-ozel-tasarim-parkeler","9":"first","10":"instock","11":"shipping-taxable","12":"product-type-simple"},"_links":{"self":[{"href":"https:\/\/tiaparke.com\/index.php\/wp-json\/wp\/v2\/product\/194","targetHints":{"allow":["GET"]}}],"collection":[{"href":"https:\/\/tiaparke.com\/index.php\/wp-json\/wp\/v2\/product"}],"about":[{"href":"https:\/\/tiaparke.com\/index.php\/wp-json\/wp\/v2\/types\/product"}],"wp:featuredmedia":[{"embeddable":true,"href":"https:\/\/tiaparke.com\/index.php\/wp-json\/wp\/v2\/media\/195"}],"wp:attachment":[{"href":"https:\/\/tiaparke.com\/index.php\/wp-json\/wp\/v2\/media?parent=194"}],"wp:term":[{"taxonomy":"product_brand","embeddable":true,"href":"https:\/\/tiaparke.com\/index.php\/wp-json\/wp\/v2\/product_brand?post=194"},{"taxonomy":"product_cat","embeddable":true,"href":"https:\/\/tiaparke.com\/index.php\/wp-json\/wp\/v2\/product_cat?post=194"},{"taxonomy":"product_tag","embeddable":true,"href":"https:\/\/tiaparke.com\/index.php\/wp-json\/wp\/v2\/product_tag?post=194"}],"curies":[{"name":"wp","href":"https:\/\/api.w.org\/{rel}","templated":true}]}}