{"id":188,"date":"2026-03-09T11:50:32","date_gmt":"2026-03-09T11:50:32","guid":{"rendered":"https:\/\/tiaparke.com\/?post_type=product&#038;p=188"},"modified":"2026-03-09T11:50:32","modified_gmt":"2026-03-09T11:50:32","slug":"blanca-1200-lamine-parke-modeli","status":"publish","type":"product","link":"https:\/\/tiaparke.com\/index.php\/urun\/blanca-1200-lamine-parke-modeli\/","title":{"rendered":"Blanca 1200 Lamine Parke Modeli"},"content":{"rendered":"","protected":false},"excerpt":{"rendered":"<p data-start=\"1092\" data-end=\"1388\">Blanca 1200 lamine parke modeli klasik motifli dekoratif y\u00fczey tasar\u0131m\u0131 ile dikkat \u00e7eken \u00f6zel tasar\u0131m lamine parke modelleri aras\u0131nda yer almaktad\u0131r. Ah\u015fap dokusu ile geleneksel desen detaylar\u0131n\u0131n birle\u015fti\u011fi bu parke modeli ya\u015fam alanlar\u0131nda estetik ve karakteristik bir zemin g\u00f6r\u00fcn\u00fcm\u00fc olu\u015fturur.<\/p>\n<p data-start=\"1390\" data-end=\"1755\">Do\u011fal ah\u015fap dokusunu yans\u0131tan y\u00fczey yap\u0131s\u0131 sayesinde Blanca 1200 parke modeli mekanlarda s\u0131cak ve do\u011fal bir atmosfer olu\u015fturur. Dekoratif motif detaylar\u0131 zeminde estetik bir desen olu\u015fturarak i\u00e7 mekan dekorasyonunun g\u00fc\u00e7l\u00fc bir par\u00e7as\u0131 haline gelir. Bu lamine parke modeli \u00f6zellikle klasik, modern ve rustik dekorasyon tarzlar\u0131nda etkileyici bir zemin tasar\u0131m\u0131 sunar.<\/p>\n<p data-start=\"1757\" data-end=\"2054\">\u00d6zel tasar\u0131m parke kategorisinde yer alan Blanca 1200 lamine parke modeli salon, oturma odas\u0131, yatak odas\u0131 ve ofis gibi bir\u00e7ok ya\u015fam alan\u0131nda kullan\u0131labilir. Dekoratif y\u00fczey tasar\u0131m\u0131 sayesinde mekanlara estetik bir de\u011fer kazand\u0131r\u0131rken ayn\u0131 zamanda dayan\u0131kl\u0131 yap\u0131s\u0131 ile uzun \u00f6m\u00fcrl\u00fc kullan\u0131m sa\u011flar.<\/p>\n<p data-start=\"2056\" data-end=\"2390\">Lamine parke modelleri aras\u0131nda estetik ve dayan\u0131kl\u0131l\u0131\u011f\u0131 bir araya getiren Blanca 1200 parke modeli \u00e7izilmelere kar\u015f\u0131 dayan\u0131kl\u0131 y\u00fczeyi ve kolay temizlenebilir yap\u0131s\u0131 ile g\u00fcnl\u00fck kullan\u0131m i\u00e7in olduk\u00e7a uygundur. Modern \u00fcretim teknolojisi ile \u00fcretilen lamine parkeler hem pratik kullan\u0131m hem de dekoratif g\u00f6r\u00fcn\u00fcm a\u00e7\u0131s\u0131ndan avantaj sa\u011flar.<\/p>\n<p data-start=\"2392\" data-end=\"2592\">Blanca 1200 modeli <strong data-start=\"2411\" data-end=\"2501\">\u00f6zel tasar\u0131m lamine parke kategorisinde yer alan dekoratif parke modellerinden biridir<\/strong> ve \u00f6zellikle desenli zemin tasar\u0131mlar\u0131 arayan kullan\u0131c\u0131lar i\u00e7in estetik bir se\u00e7enek sunar.<\/p>\n","protected":false},"featured_media":189,"template":"","meta":[],"product_brand":[20],"product_cat":[22],"product_tag":[],"class_list":{"0":"post-188","1":"product","2":"type-product","3":"status-publish","4":"has-post-thumbnail","6":"product_brand-bellafloor","7":"product_cat-ozel-tasarim-parkeler","9":"first","10":"instock","11":"shipping-taxable","12":"product-type-simple"},"_links":{"self":[{"href":"https:\/\/tiaparke.com\/index.php\/wp-json\/wp\/v2\/product\/188","targetHints":{"allow":["GET"]}}],"collection":[{"href":"https:\/\/tiaparke.com\/index.php\/wp-json\/wp\/v2\/product"}],"about":[{"href":"https:\/\/tiaparke.com\/index.php\/wp-json\/wp\/v2\/types\/product"}],"wp:featuredmedia":[{"embeddable":true,"href":"https:\/\/tiaparke.com\/index.php\/wp-json\/wp\/v2\/media\/189"}],"wp:attachment":[{"href":"https:\/\/tiaparke.com\/index.php\/wp-json\/wp\/v2\/media?parent=188"}],"wp:term":[{"taxonomy":"product_brand","embeddable":true,"href":"https:\/\/tiaparke.com\/index.php\/wp-json\/wp\/v2\/product_brand?post=188"},{"taxonomy":"product_cat","embeddable":true,"href":"https:\/\/tiaparke.com\/index.php\/wp-json\/wp\/v2\/product_cat?post=188"},{"taxonomy":"product_tag","embeddable":true,"href":"https:\/\/tiaparke.com\/index.php\/wp-json\/wp\/v2\/product_tag?post=188"}],"curies":[{"name":"wp","href":"https:\/\/api.w.org\/{rel}","templated":true}]}}